{"id":105,"date":"2010-06-29T04:49:02","date_gmt":"2010-06-29T04:49:02","guid":{"rendered":"http:\/\/imediautama.com\/demo\/vulcan\/?page_id=105"},"modified":"2024-03-11T19:14:50","modified_gmt":"2024-03-11T19:14:50","slug":"equipo","status":"publish","type":"page","link":"https:\/\/www.fdc-group.net\/new\/equipo\/","title":{"rendered":"Equipo"},"content":{"rendered":"\n<h1>\u00a0<\/h1>\n<h1 class=\"uppercase\" style=\"text-align: center;\"><span style=\"color: #32485c;\">Equipo<\/span><\/h1>\n<p>\u00a0<\/p>\n\t<div id=\"gap-663791630\" class=\"gap-element clearfix\" style=\"display:block; height:auto;\">\n\t\t\n<style>\n#gap-663791630 {\n  padding-top: 60px;\n}\n<\/style>\n\t<\/div>\n\t\n\n<div class=\"row\"  id=\"row-284927382\">\n\n\n\t<div id=\"col-1572693543\" class=\"col medium-1 small-12 large-1\"  >\n\t\t\t\t<div class=\"col-inner\"  >\n\t\t\t\n\t\t\t\n\n\n\t\t<\/div>\n\t\t\t\t\t<\/div>\n\n\t\n\n\t<div id=\"col-232445661\" class=\"col medium-4 small-12 large-4\"  >\n\t\t\t\t<div class=\"col-inner\"  >\n\t\t\t\n\t\t\t\n\n    <div class=\"box has-hover has-hover box-bounce box-text-bottom\" >\n\n                  <div class=\"box-image \" style=\"width:80%;\">\n           <div class=\"box-image-inner image-cover\" style=\"border-radius:100%;padding-top:100%;\">\n              <img loading=\"lazy\" decoding=\"async\" width=\"317\" height=\"286\" src=\"https:\/\/www.fdc-group.net\/new\/wp-content\/uploads\/2021\/02\/GilardoneFoto-e1612412355498.jpg\" class=\"attachment- size-\" alt=\"\" srcset=\"https:\/\/www.fdc-group.net\/new\/wp-content\/uploads\/2021\/02\/GilardoneFoto-e1612412355498.jpg 317w, https:\/\/www.fdc-group.net\/new\/wp-content\/uploads\/2021\/02\/GilardoneFoto-e1612412355498-300x271.jpg 300w\" sizes=\"auto, (max-width: 317px) 100vw, 317px\" \/>                         <\/div>\n          <\/div>\n         \n          <div class=\"box-text text-center\" >\n                <div class=\"box-text-inner\">\n                  <h4 class=\"uppercase\">\n                    <span class=\"person-name\">Carlos Gilardone<\/span><br\/>\n                    <span class=\"person-title is-small thin-font op-7\">\n                      Managing Director                    <\/span>\n                  <\/h4>\n\t\t\t\t\t<div class=\"social-icons follow-icons\" ><a href=\"mailto:cgilardone@fdc-group.com\" data-label=\"E-mail\" target=\"_blank\" class=\"icon button circle is-outline tooltip email\" title=\"Env\u00edanos un email\" aria-label=\"Env\u00edanos un email\" rel=\"nofollow noopener\"><i class=\"icon-envelop\" aria-hidden=\"true\"><\/i><\/a><\/div>\n\n<p>Ingeniero en Petr\u00f3leo, se especializ\u00f3 en ingenier\u00eda de simulaci\u00f3n en EEUU. Mag\u00edster en Econom\u00eda de Petr\u00f3leo y Gas. Fue profesor del Posgrado de Ingenier\u00eda de Reservorios de la UBA durante 14 a\u00f1os y actualmente es el titular de la materia An\u00e1lisis de Transientes de Presi\u00f3n en el ITBA.<\/p>\n\n                <\/div>\n          <\/div>\n    <\/div>\n\n\t\n    \n\n\t\t<\/div>\n\t\t\t\t\t<\/div>\n\n\t\n\n\t<div id=\"col-1825607720\" class=\"col medium-2 small-12 large-2\"  >\n\t\t\t\t<div class=\"col-inner\"  >\n\t\t\t\n\t\t\t\n\n\n\t\t<\/div>\n\t\t\t\t\t<\/div>\n\n\t\n\n\t<div id=\"col-1600796477\" class=\"col medium-4 small-12 large-4\"  >\n\t\t\t\t<div class=\"col-inner\"  >\n\t\t\t\n\t\t\t\n\n    <div class=\"box has-hover has-hover box-bounce box-text-bottom\" >\n\n                  <div class=\"box-image \" style=\"width:80%;\">\n           <div class=\"box-image-inner image-cover\" style=\"border-radius:100%;padding-top:100%;\">\n              <img loading=\"lazy\" decoding=\"async\" width=\"357\" height=\"272\" src=\"https:\/\/www.fdc-group.net\/new\/wp-content\/uploads\/2021\/02\/CanelFoto-e1612412426642.jpg\" class=\"attachment- size-\" alt=\"\" srcset=\"https:\/\/www.fdc-group.net\/new\/wp-content\/uploads\/2021\/02\/CanelFoto-e1612412426642.jpg 357w, https:\/\/www.fdc-group.net\/new\/wp-content\/uploads\/2021\/02\/CanelFoto-e1612412426642-300x229.jpg 300w\" sizes=\"auto, (max-width: 357px) 100vw, 357px\" \/>                         <\/div>\n          <\/div>\n         \n          <div class=\"box-text text-center\" >\n                <div class=\"box-text-inner\">\n                  <h4 class=\"uppercase\">\n                    <span class=\"person-name\">Carlos Canel<\/span><br\/>\n                    <span class=\"person-title is-small thin-font op-7\">\n                      Technical Director                    <\/span>\n                  <\/h4>\n\t\t\t\t\t<div class=\"social-icons follow-icons\" ><a href=\"mailto:ccanel@fdc-group.com\" data-label=\"E-mail\" target=\"_blank\" class=\"icon button circle is-outline tooltip email\" title=\"Env\u00edanos un email\" aria-label=\"Env\u00edanos un email\" rel=\"nofollow noopener\"><i class=\"icon-envelop\" aria-hidden=\"true\"><\/i><\/a><\/div>\n\n<p>Ingeniero Mec\u00e1nico y en Petr\u00f3leo, especialista en el dise\u00f1o de Sistemas de Transporte de Producci\u00f3n de Gas y Condensado, Agua o Gas, An\u00e1lisis Nodal, Flujo Multif\u00e1sico de fluidos, Termodin\u00e1mica de Fluidos de Reservorio, Balance de materiales. Ex Director de Simulaci\u00f3n y Termodin\u00e1mica de YPF. Fue nombrado \u00abSPE Distinguished Lecturer\u00bb en el a\u00f1o 2001. Es profesor de la C\u00e1tedra de Fluidos de Reservorio del Postgrado de Reservorios de la UBA.<\/p>\n\n                <\/div>\n          <\/div>\n    <\/div>\n\n\t\n    \n\n\t\t<\/div>\n\t\t\t\t\t<\/div>\n\n\t\n\n\t<div id=\"col-206688741\" class=\"col medium-1 small-12 large-1\"  >\n\t\t\t\t<div class=\"col-inner\"  >\n\t\t\t\n\t\t\t\n\n\n\t\t<\/div>\n\t\t\t\t\t<\/div>\n\n\t\n\n<\/div>\n\t<div class=\"img has-hover x md-x lg-x y md-y lg-y\" id=\"image_2062259780\">\n\t\t\t\t\t\t\t\t<div class=\"img-inner dark\" >\n\t\t\t<img loading=\"lazy\" decoding=\"async\" width=\"1020\" height=\"763\" src=\"https:\/\/www.fdc-group.net\/new\/wp-content\/uploads\/2021\/03\/equipo-1024x766.jpg\" class=\"attachment-large size-large\" alt=\"\" srcset=\"https:\/\/www.fdc-group.net\/new\/wp-content\/uploads\/2021\/03\/equipo-1024x766.jpg 1024w, https:\/\/www.fdc-group.net\/new\/wp-content\/uploads\/2021\/03\/equipo-300x225.jpg 300w, https:\/\/www.fdc-group.net\/new\/wp-content\/uploads\/2021\/03\/equipo-768x575.jpg 768w, https:\/\/www.fdc-group.net\/new\/wp-content\/uploads\/2021\/03\/equipo.jpg 1280w\" sizes=\"auto, (max-width: 1020px) 100vw, 1020px\" \/>\t\t\t\t\t\t\n\t\t\t\t\t<\/div>\n\t\t\t\t\t\t\t\t\n<style>\n#image_2062259780 {\n  width: 100%;\n}\n<\/style>\n\t<\/div>\n\t\n\n\t<div id=\"gap-1197384744\" class=\"gap-element clearfix\" style=\"display:block; height:auto;\">\n\t\t\n<style>\n#gap-1197384744 {\n  padding-top: 60px;\n}\n<\/style>\n\t<\/div>\n\t\n\n<h4 style=\"text-align: center;\">Nuestro equipo se compone de profesionales de las ramas de Ingenier\u00eda en Petr\u00f3leo,<br \/>Geolog\u00eda, Sistemas y T\u00e9cnicos Laboratoristas especializados en las disciplinas de<br \/>ingenier\u00eda de producci\u00f3n, reservorios, modelado geol\u00f3gico, desarrollo de sistemas y en<br \/>la ejecuci\u00f3n de experiencias de laboratorio.<\/h4>\n\t<div id=\"gap-558651435\" class=\"gap-element clearfix\" style=\"display:block; height:auto;\">\n\t\t\n<style>\n#gap-558651435 {\n  padding-top: 60px;\n}\n<\/style>\n\t<\/div>\n\t\n\n\n","protected":false},"excerpt":{"rendered":"<p>\u00a0 Equipo \u00a0 Nuestro equipo se compone de profesionales de las ramas de Ingenier\u00eda en Petr\u00f3leo,Geolog\u00eda, Sistemas y T\u00e9cnicos Laboratoristas especializados en las disciplinas deingenier\u00eda de producci\u00f3n, reservorios, modelado geol\u00f3gico, desarrollo de sistemas y enla ejecuci\u00f3n de experiencias de laboratorio.<\/p>\n","protected":false},"author":1,"featured_media":0,"parent":0,"menu_order":0,"comment_status":"closed","ping_status":"closed","template":"page-blank.php","meta":{"footnotes":""},"class_list":["post-105","page","type-page","status-publish","hentry"],"_links":{"self":[{"href":"https:\/\/www.fdc-group.net\/new\/wp-json\/wp\/v2\/pages\/105","targetHints":{"allow":["GET"]}}],"collection":[{"href":"https:\/\/www.fdc-group.net\/new\/wp-json\/wp\/v2\/pages"}],"about":[{"href":"https:\/\/www.fdc-group.net\/new\/wp-json\/wp\/v2\/types\/page"}],"author":[{"embeddable":true,"href":"https:\/\/www.fdc-group.net\/new\/wp-json\/wp\/v2\/users\/1"}],"replies":[{"embeddable":true,"href":"https:\/\/www.fdc-group.net\/new\/wp-json\/wp\/v2\/comments?post=105"}],"version-history":[{"count":10,"href":"https:\/\/www.fdc-group.net\/new\/wp-json\/wp\/v2\/pages\/105\/revisions"}],"predecessor-version":[{"id":3625,"href":"https:\/\/www.fdc-group.net\/new\/wp-json\/wp\/v2\/pages\/105\/revisions\/3625"}],"wp:attachment":[{"href":"https:\/\/www.fdc-group.net\/new\/wp-json\/wp\/v2\/media?parent=105"}],"curies":[{"name":"wp","href":"https:\/\/api.w.org\/{rel}","templated":true}]}}