{"id":2533,"date":"2021-01-22T08:33:49","date_gmt":"2021-01-22T08:33:49","guid":{"rendered":"https:\/\/www.fdc-group.net\/new\/?page_id=2533"},"modified":"2024-03-12T03:58:53","modified_gmt":"2024-03-12T03:58:53","slug":"laboratorio","status":"publish","type":"page","link":"https:\/\/www.fdc-group.net\/new\/laboratorio\/","title":{"rendered":"Laboratorio"},"content":{"rendered":"\n<h1>&nbsp;<\/h1>\n<h1 class=\"uppercase\" style=\"text-align: center;\"><span style=\"color: #32485c;\">Laboratorio<\/span><\/h1>\n<p>&nbsp;<\/p>\n\t<div class=\"img has-hover x md-x lg-x y md-y lg-y\" id=\"image_1111078444\">\n\t\t\t\t\t\t\t\t<div class=\"img-inner dark\" >\n\t\t\t<img loading=\"lazy\" decoding=\"async\" width=\"1020\" height=\"679\" src=\"https:\/\/www.fdc-group.net\/new\/wp-content\/uploads\/2021\/04\/FDC-1522-Laboratorio-1024x682.jpg\" class=\"attachment-large size-large\" alt=\"\" srcset=\"https:\/\/www.fdc-group.net\/new\/wp-content\/uploads\/2021\/04\/FDC-1522-Laboratorio-1024x682.jpg 1024w, https:\/\/www.fdc-group.net\/new\/wp-content\/uploads\/2021\/04\/FDC-1522-Laboratorio-300x200.jpg 300w, https:\/\/www.fdc-group.net\/new\/wp-content\/uploads\/2021\/04\/FDC-1522-Laboratorio-768x511.jpg 768w, https:\/\/www.fdc-group.net\/new\/wp-content\/uploads\/2021\/04\/FDC-1522-Laboratorio-1536x1022.jpg 1536w, https:\/\/www.fdc-group.net\/new\/wp-content\/uploads\/2021\/04\/FDC-1522-Laboratorio-2048x1363.jpg 2048w\" sizes=\"auto, (max-width: 1020px) 100vw, 1020px\" \/>\t\t\t\t\t\t\n\t\t\t\t\t<\/div>\n\t\t\t\t\t\t\t\t\n<style>\n#image_1111078444 {\n  width: 100%;\n}\n<\/style>\n\t<\/div>\n\t\n\n\t<div id=\"gap-1539781391\" class=\"gap-element clearfix\" style=\"display:block; height:auto;\">\n\t\t\n<style>\n#gap-1539781391 {\n  padding-top: 60px;\n}\n<\/style>\n\t<\/div>\n\t\n\n<div class=\"row\"  id=\"row-1607421516\">\n\n\n\t<div id=\"col-1262007389\" class=\"col medium-1 small-12 large-1\"  >\n\t\t\t\t<div class=\"col-inner\"  >\n\t\t\t\n\t\t\t\n\n\n\t\t<\/div>\n\t\t\t\t\t<\/div>\n\n\t\n\n\t<div id=\"col-2144677465\" class=\"col medium-10 small-12 large-10\"  >\n\t\t\t\t<div class=\"col-inner\"  >\n\t\t\t\n\t\t\t\n\n<p style=\"text-align: center;\" data-line-height=\"xl\"><span style=\"font-size: 130%;\">Nuestro laboratorio cuenta con tecnolog\u00eda de punta que nos permite realizar estudios completos de an\u00e1lisis PVT, caracterizaci\u00f3n Reol\u00f3gica de los fluidos y servicios de muestreo para cualquier tipo de pozo.<\/span><\/p>\n<p style=\"text-align: center;\" data-line-height=\"xl\"><span style=\"font-size: 130%;\">El informe de nuestro laboratorio permite a nuestros clientes entender c\u00f3mo se comporta el fluido, debajo del suelo y en las tuber\u00edas.<\/span><\/p>\n<p style=\"text-align: center;\" data-line-height=\"xl\"><span style=\"font-size: 130%;\">Es un input indispensable para los ingenieros de reservorios y de producci\u00f3n. Les provee informaci\u00f3n fundamental para tomar decisiones acertadas y rentables.<\/span><\/p>\n<p style=\"text-align: center;\" data-line-height=\"xl\"><span style=\"font-size: 130%;\">M\u00e1xima precisi\u00f3n y repetibilidad garantiza resultados confiables documentados.<\/span><\/p>\n\n\t\t<\/div>\n\t\t\t\t\t<\/div>\n\n\t\n\n\t<div id=\"col-556963810\" class=\"col medium-1 small-12 large-1\"  >\n\t\t\t\t<div class=\"col-inner\"  >\n\t\t\t\n\t\t\t\n\n\n\t\t<\/div>\n\t\t\t\t\t<\/div>\n\n\t\n\n<\/div>\n\t<div id=\"gap-1689339589\" class=\"gap-element clearfix\" style=\"display:block; height:auto;\">\n\t\t\n<style>\n#gap-1689339589 {\n  padding-top: 60px;\n}\n<\/style>\n\t<\/div>\n\t\n\n<h2 style=\"text-align: center;\"><span style=\"color: #32485c;\">\u00bfQU\u00c9 SE PUEDE REALIZAR EN EL LAB?<\/span><\/h2>\n<ul>\n<li style=\"list-style-type: none;\">\n<ul>\n<li class=\"bullet-checkmark\" style=\"text-align: left;\"><span style=\"font-size: 110%;\">Estudios PVT est\u00e1ndar de propiedades, composiciones y comportamiento termodin\u00e1mico de fluidos de reservorio<\/span><\/li>\n<li class=\"bullet-checkmark\" style=\"text-align: left;\"><span style=\"font-size: 110%;\">Estudios de composiciones y propiedades<\/span><\/li>\n<li class=\"bullet-checkmark\" style=\"text-align: left;\"><span style=\"font-size: 110%;\">Estudios reol\u00f3gicos y de deposici\u00f3n de parafinas<\/span><\/li>\n<li class=\"bullet-checkmark\" style=\"text-align: left;\"><span style=\"font-size: 110%;\">Estudios especiales que puedan surgir para la resoluci\u00f3n de problemas reales o para mejor definici\u00f3n de fluidos en modelos de simulaci\u00f3n<\/span><\/li>\n<li class=\"bullet-checkmark\" style=\"text-align: left;\"><span style=\"font-size: 110%;\">Simulaci\u00f3n de comportamiento termodin\u00e1mico<\/span><\/li>\n<\/ul>\n<\/li>\n<\/ul>\n\t<div id=\"gap-1260190945\" class=\"gap-element clearfix\" style=\"display:block; height:auto;\">\n\t\t\n<style>\n#gap-1260190945 {\n  padding-top: 60px;\n}\n<\/style>\n\t<\/div>\n\t\n\n<h2 class=\"uppercase\" style=\"text-align: center;\"><span style=\"color: #32485c;\">Caracter\u00edsticas del Lab<\/span><\/h2>\n\t<div id=\"gap-179616468\" class=\"gap-element clearfix\" style=\"display:block; height:auto;\">\n\t\t\n<style>\n#gap-179616468 {\n  padding-top: 60px;\n}\n<\/style>\n\t<\/div>\n\t\n\n<div class=\"row\"  id=\"row-159908047\">\n\n\n\t<div id=\"col-409576470\" class=\"col medium-1 small-12 large-1\"  >\n\t\t\t\t<div class=\"col-inner\"  >\n\t\t\t\n\t\t\t\n\n\n\t\t<\/div>\n\t\t\t\t\t<\/div>\n\n\t\n\n\t<div id=\"col-578865677\" class=\"col medium-4 small-12 large-4\"  >\n\t\t\t\t<div class=\"col-inner\"  >\n\t\t\t\n\t\t\t\n\n\n  <div class=\"banner has-hover\" id=\"banner-1988369548\">\n          <div class=\"banner-inner fill\">\n        <div class=\"banner-bg fill\" >\n            <img loading=\"lazy\" decoding=\"async\" width=\"425\" height=\"424\" src=\"https:\/\/www.fdc-group.net\/new\/wp-content\/uploads\/2021\/02\/FrameBlue.jpg\" class=\"bg attachment-large size-large\" alt=\"\" \/>                                    \n                    <\/div>\n\t\t\n        <div class=\"banner-layers container\">\n            <div class=\"fill banner-link\"><\/div>            \n\n   <div id=\"text-box-1396948905\" class=\"text-box banner-layer x50 md-x50 lg-x50 y50 md-y50 lg-y50 res-text\">\n                                <div class=\"text-box-content text \">\n              \n              <div class=\"text-inner text-center\">\n                  \n\n<p class=\"uppercase\" style=\"text-align: center;\" data-line-height=\"xl\"><span style=\"font-size: 150%;\" data-line-height=\"s\">Celda totalmente visual,<\/span><br \/><span style=\"font-size: 150%;\" data-line-height=\"s\">automatizada con tecnolog\u00eda de<\/span><br \/><span style=\"font-size: 150%;\" data-line-height=\"s\">punta, PVT full Visibility \u2013 PVT<\/span><br \/><span style=\"font-size: 150%;\" data-line-height=\"s\">400\/1000 FV, fabricada por<\/span><br \/><span style=\"font-size: 150%;\" data-line-height=\"s\">SANCHEZ TECHNOLOGY<\/span><br \/><span style=\"font-size: 150%;\" data-line-height=\"s\">(fabricante de los equipos de CORE<\/span><br \/><span style=\"font-size: 150%;\" data-line-height=\"s\">LAB)<\/span><\/p>\n\n              <\/div>\n           <\/div>\n                            \n<style>\n#text-box-1396948905 {\n  width: 79%;\n}\n#text-box-1396948905 .text-box-content {\n  font-size: 100%;\n}\n<\/style>\n    <\/div>\n \n\n        <\/div>\n      <\/div>\n\n            \n<style>\n#banner-1988369548 {\n  padding-top: 99.99%;\n}\n<\/style>\n  <\/div>\n\n\n\n\t\t<\/div>\n\t\t\t\t\t<\/div>\n\n\t\n\n\t<div id=\"col-2103195532\" class=\"col medium-2 small-12 large-2\"  >\n\t\t\t\t<div class=\"col-inner\"  >\n\t\t\t\n\t\t\t\n\n\n\t\t<\/div>\n\t\t\t\t\t<\/div>\n\n\t\n\n\t<div id=\"col-1571300692\" class=\"col medium-4 small-12 large-4\"  >\n\t\t\t\t<div class=\"col-inner\"  >\n\t\t\t\n\t\t\t\n\n\n  <div class=\"banner has-hover\" id=\"banner-100320778\">\n          <div class=\"banner-inner fill\">\n        <div class=\"banner-bg fill\" >\n            <img loading=\"lazy\" decoding=\"async\" width=\"422\" height=\"419\" src=\"https:\/\/www.fdc-group.net\/new\/wp-content\/uploads\/2021\/02\/FrameCyan.jpg\" class=\"bg attachment-large size-large\" alt=\"\" \/>                                    \n                    <\/div>\n\t\t\n        <div class=\"banner-layers container\">\n            <div class=\"fill banner-link\"><\/div>            \n\n   <div id=\"text-box-913955739\" class=\"text-box banner-layer x50 md-x50 lg-x50 y50 md-y50 lg-y50 res-text\">\n                                <div class=\"text-box-content text \">\n              \n              <div class=\"text-inner text-center\">\n                  \n\n<p style=\"text-align: center;\"><span style=\"font-size: 180%;\">Cromat\u00f3grafos de \u00faltima<\/span><br \/><span style=\"font-size: 180%;\">generaci\u00f3n de para gas y<\/span><br \/><span style=\"font-size: 180%;\">l\u00edquido que presentan una<\/span><br \/><span style=\"font-size: 180%;\">sensibilidad mejorada.<\/span><\/p>\n\n              <\/div>\n           <\/div>\n                            \n<style>\n#text-box-913955739 {\n  width: 75%;\n}\n#text-box-913955739 .text-box-content {\n  font-size: 100%;\n}\n<\/style>\n    <\/div>\n \n\n        <\/div>\n      <\/div>\n\n            \n<style>\n#banner-100320778 {\n  padding-top: 99.99%;\n}\n<\/style>\n  <\/div>\n\n\n\n\t\t<\/div>\n\t\t\t\t\t<\/div>\n\n\t\n\n\t<div id=\"col-775191038\" class=\"col medium-1 small-12 large-1\"  >\n\t\t\t\t<div class=\"col-inner\"  >\n\t\t\t\n\t\t\t\n\n\n\t\t<\/div>\n\t\t\t\t\t<\/div>\n\n\t\n\n<\/div>\n\t<div id=\"gap-84928198\" class=\"gap-element clearfix\" style=\"display:block; height:auto;\">\n\t\t\n<style>\n#gap-84928198 {\n  padding-top: 50px;\n}\n<\/style>\n\t<\/div>\n\t\n\n<div class=\"row\"  id=\"row-1297465641\">\n\n\n\t<div id=\"col-61389595\" class=\"col medium-1 small-12 large-1\"  >\n\t\t\t\t<div class=\"col-inner\"  >\n\t\t\t\n\t\t\t\n\n\n\t\t<\/div>\n\t\t\t\t\t<\/div>\n\n\t\n\n\t<div id=\"col-2094666645\" class=\"col medium-4 small-12 large-4\"  >\n\t\t\t\t<div class=\"col-inner\"  >\n\t\t\t\n\t\t\t\n\n\n  <div class=\"banner has-hover\" id=\"banner-944432452\">\n          <div class=\"banner-inner fill\">\n        <div class=\"banner-bg fill\" >\n            <img loading=\"lazy\" decoding=\"async\" width=\"423\" height=\"420\" src=\"https:\/\/www.fdc-group.net\/new\/wp-content\/uploads\/2021\/02\/FrameLightCyan.jpg\" class=\"bg attachment-large size-large\" alt=\"\" \/>                                    \n                    <\/div>\n\t\t\n        <div class=\"banner-layers container\">\n            <div class=\"fill banner-link\"><\/div>            \n\n   <div id=\"text-box-914583033\" class=\"text-box banner-layer x50 md-x50 lg-x50 y50 md-y50 lg-y50 res-text\">\n                                <div class=\"text-box-content text \">\n              \n              <div class=\"text-inner text-center\">\n                  \n\n<p class=\"uppercase\" style=\"text-align: center;\" data-line-height=\"xl\"><span style=\"font-size: 150%;\">Re\u00f3metro RST Cilindro<\/span><br \/><span style=\"font-size: 150%;\">Coaxial de BROOKFIELD<\/span><\/p>\n\n              <\/div>\n           <\/div>\n                            \n<style>\n#text-box-914583033 {\n  width: 79%;\n}\n#text-box-914583033 .text-box-content {\n  font-size: 100%;\n}\n<\/style>\n    <\/div>\n \n\n        <\/div>\n      <\/div>\n\n            \n<style>\n#banner-944432452 {\n  padding-top: 99.99%;\n}\n<\/style>\n  <\/div>\n\n\n\n\t\t<\/div>\n\t\t\t\t\t<\/div>\n\n\t\n\n\t<div id=\"col-111542111\" class=\"col medium-2 small-12 large-2\"  >\n\t\t\t\t<div class=\"col-inner\"  >\n\t\t\t\n\t\t\t\n\n\n\t\t<\/div>\n\t\t\t\t\t<\/div>\n\n\t\n\n\t<div id=\"col-414812778\" class=\"col medium-4 small-12 large-4\"  >\n\t\t\t\t<div class=\"col-inner\"  >\n\t\t\t\n\t\t\t\n\n\n  <div class=\"banner has-hover\" id=\"banner-1308583879\">\n          <div class=\"banner-inner fill\">\n        <div class=\"banner-bg fill\" >\n            <img loading=\"lazy\" decoding=\"async\" width=\"423\" height=\"420\" src=\"https:\/\/www.fdc-group.net\/new\/wp-content\/uploads\/2021\/02\/FrameLightBlue.jpg\" class=\"bg attachment-large size-large\" alt=\"\" \/>                                    \n                    <\/div>\n\t\t\n        <div class=\"banner-layers container\">\n            <div class=\"fill banner-link\"><\/div>            \n\n   <div id=\"text-box-852029212\" class=\"text-box banner-layer x50 md-x50 lg-x50 y50 md-y50 lg-y50 res-text\">\n                                <div class=\"text-box-content text \">\n              \n              <div class=\"text-inner text-center\">\n                  \n\n<p class=\"uppercase\" style=\"text-align: center;\" data-line-height=\"xl\"><span style=\"font-size: 150%;\">Gas\u00f3metro Atmosf\u00e9rico de<\/span><br \/><span style=\"font-size: 150%;\">LEUTERT con capacidad<\/span><br \/><span style=\"font-size: 150%;\">medir con precisi\u00f3n el<\/span><br \/><span style=\"font-size: 150%;\">volumen de gas liberado<\/span><\/p>\n\n              <\/div>\n           <\/div>\n                            \n<style>\n#text-box-852029212 {\n  width: 75%;\n}\n#text-box-852029212 .text-box-content {\n  font-size: 100%;\n}\n<\/style>\n    <\/div>\n \n\n        <\/div>\n      <\/div>\n\n            \n<style>\n#banner-1308583879 {\n  padding-top: 99.99%;\n}\n<\/style>\n  <\/div>\n\n\n\n\t\t<\/div>\n\t\t\t\t\t<\/div>\n\n\t\n\n\t<div id=\"col-1068901661\" class=\"col medium-1 small-12 large-1\"  >\n\t\t\t\t<div class=\"col-inner\"  >\n\t\t\t\n\t\t\t\n\n\n\t\t<\/div>\n\t\t\t\t\t<\/div>\n\n\t\n\n<\/div>\n\t<div id=\"gap-987292811\" class=\"gap-element clearfix\" style=\"display:block; height:auto;\">\n\t\t\n<style>\n#gap-987292811 {\n  padding-top: 50px;\n}\n<\/style>\n\t<\/div>\n\t\n\n<div class=\"row\"  id=\"row-1014745399\">\n\n\n\t<div id=\"col-672702788\" class=\"col medium-1 small-12 large-1\"  >\n\t\t\t\t<div class=\"col-inner\"  >\n\t\t\t\n\t\t\t\n\n\n\t\t<\/div>\n\t\t\t\t\t<\/div>\n\n\t\n\n\t<div id=\"col-1774306852\" class=\"col medium-4 small-12 large-4\"  >\n\t\t\t\t<div class=\"col-inner\"  >\n\t\t\t\n\t\t\t\n\n\n  <div class=\"banner has-hover\" id=\"banner-1519423940\">\n          <div class=\"banner-inner fill\">\n        <div class=\"banner-bg fill\" >\n            <img loading=\"lazy\" decoding=\"async\" width=\"422\" height=\"419\" src=\"https:\/\/www.fdc-group.net\/new\/wp-content\/uploads\/2021\/02\/FrameCyan.jpg\" class=\"bg attachment-large size-large\" alt=\"\" \/>                                    \n                    <\/div>\n\t\t\n        <div class=\"banner-layers container\">\n            <div class=\"fill banner-link\"><\/div>            \n\n   <div id=\"text-box-1768079244\" class=\"text-box banner-layer x50 md-x50 lg-x50 y50 md-y50 lg-y50 res-text\">\n                                <div class=\"text-box-content text \">\n              \n              <div class=\"text-inner text-center\">\n                  \n\n<p class=\"uppercase\" style=\"text-align: center;\" data-line-height=\"xl\"><span style=\"font-size: 150%;\">Equipamiento adecuado para el<\/span><br \/><span style=\"font-size: 150%;\">procesamiento de las muestras.<\/span><\/p>\n\n              <\/div>\n           <\/div>\n                            \n<style>\n#text-box-1768079244 {\n  width: 79%;\n}\n#text-box-1768079244 .text-box-content {\n  font-size: 100%;\n}\n<\/style>\n    <\/div>\n \n\n        <\/div>\n      <\/div>\n\n            \n<style>\n#banner-1519423940 {\n  padding-top: 99.99%;\n}\n<\/style>\n  <\/div>\n\n\n\n\t\t<\/div>\n\t\t\t\t\t<\/div>\n\n\t\n\n\t<div id=\"col-680608289\" class=\"col medium-2 small-12 large-2\"  >\n\t\t\t\t<div class=\"col-inner\"  >\n\t\t\t\n\t\t\t\n\n\n\t\t<\/div>\n\t\t\t\t\t<\/div>\n\n\t\n\n\t<div id=\"col-1533388908\" class=\"col medium-4 small-12 large-4\"  >\n\t\t\t\t<div class=\"col-inner\"  >\n\t\t\t\n\t\t\t\n\n\n  <div class=\"banner has-hover\" id=\"banner-897759899\">\n          <div class=\"banner-inner fill\">\n        <div class=\"banner-bg fill\" >\n            <img loading=\"lazy\" decoding=\"async\" width=\"425\" height=\"424\" src=\"https:\/\/www.fdc-group.net\/new\/wp-content\/uploads\/2021\/02\/FrameBlue.jpg\" class=\"bg attachment-large size-large\" alt=\"\" \/>                                    \n                    <\/div>\n\t\t\n        <div class=\"banner-layers container\">\n            <div class=\"fill banner-link\"><\/div>            \n\n   <div id=\"text-box-866862447\" class=\"text-box banner-layer x50 md-x50 lg-x50 y50 md-y50 lg-y50 res-text\">\n                                <div class=\"text-box-content text \">\n              \n              <div class=\"text-inner text-center\">\n                  \n\n<p class=\"uppercase\" style=\"text-align: center;\" data-line-height=\"xl\"><span style=\"font-size: 150%;\" data-line-height=\"s\">LOOP para determinaci\u00f3n de<\/span><br \/><span style=\"font-size: 150%;\" data-line-height=\"s\">deposici\u00f3n de parafina en<\/span><br \/><span style=\"font-size: 150%;\" data-line-height=\"s\">condiciones de flujo de crudos en<\/span><br \/><span style=\"font-size: 150%;\" data-line-height=\"s\">su condici\u00f3n original y con<\/span><br \/><span style=\"font-size: 150%;\" data-line-height=\"s\">distintas dosificaciones de<\/span><br \/><span style=\"font-size: 150%;\" data-line-height=\"s\">productos qu\u00edmicos inhibidores o<\/span><br \/><span style=\"font-size: 150%;\" data-line-height=\"s\">dispersantes de parafina.<\/span><\/p>\n\n              <\/div>\n           <\/div>\n                            \n<style>\n#text-box-866862447 {\n  width: 75%;\n}\n#text-box-866862447 .text-box-content {\n  font-size: 100%;\n}\n<\/style>\n    <\/div>\n \n\n        <\/div>\n      <\/div>\n\n            \n<style>\n#banner-897759899 {\n  padding-top: 99.99%;\n}\n<\/style>\n  <\/div>\n\n\n\n\t\t<\/div>\n\t\t\t\t\t<\/div>\n\n\t\n\n\t<div id=\"col-1836255567\" class=\"col medium-1 small-12 large-1\"  >\n\t\t\t\t<div class=\"col-inner\"  >\n\t\t\t\n\t\t\t\n\n\n\t\t<\/div>\n\t\t\t\t\t<\/div>\n\n\t\n\n<\/div>\n\t<div id=\"gap-1657948349\" class=\"gap-element clearfix\" style=\"display:block; height:auto;\">\n\t\t\n<style>\n#gap-1657948349 {\n  padding-top: 60px;\n}\n<\/style>\n\t<\/div>\n\t\n\n<div class=\"row align-middle align-center row-box-shadow-1-hover\"  id=\"row-471204166\">\n\n\n\t<div id=\"col-1415798116\" class=\"col medium-1 small-12 large-1\"  >\n\t\t\t\t<div class=\"col-inner\"  >\n\t\t\t\n\t\t\t\n\n\n\t\t<\/div>\n\t\t\t\t\t<\/div>\n\n\t\n\n\t<div id=\"col-237988957\" class=\"col medium-10 small-12 large-10 has-hover col-hover-focus\"  data-animate=\"blurIn\">\n\t\t\t\t<div class=\"col-inner text-shadow-2\" style=\"background-color:rgba(122, 156, 89, 0.6);\" >\n\t\t\t\n\t<div class=\"is-border hover-invert\"\n\t\tstyle=\"border-color:rgba(91, 31, 31, 0.8);border-width:0px 0px 0px 0px;\">\n\t<\/div>\n\t\t\t\n\n<div class=\"video video-fit mb\" style=\"padding-top:56.25%;\"><iframe loading=\"lazy\" title=\"FDC-Laboratorio\" width=\"1020\" height=\"574\" src=\"https:\/\/www.youtube.com\/embed\/xu1D3-f4Zo0?feature=oembed\" frameborder=\"0\" allow=\"accelerometer; autoplay; clipboard-write; encrypted-media; gyroscope; picture-in-picture\" allowfullscreen><\/iframe><\/div>\n\n\n\t\t<\/div>\n\t\t\t\t\t<\/div>\n\n\t\n\n\t<div id=\"col-895098573\" class=\"col medium-1 small-12 large-1\"  >\n\t\t\t\t<div class=\"col-inner\"  >\n\t\t\t\n\t\t\t\n\n\n\t\t<\/div>\n\t\t\t\t\t<\/div>\n\n\t\n\n\n<style>\n#row-471204166 > .col > .col-inner {\n  padding: 0px 0px 0px 0px;\n  background-color: rgb(34, 68, 112);\n}\n<\/style>\n<\/div>\n<div class=\"row\"  id=\"row-783089624\">\n\n\n\t<div id=\"col-394708796\" class=\"col medium-2 small-12 large-2\"  >\n\t\t\t\t<div class=\"col-inner\"  >\n\t\t\t\n\t\t\t\n\n\n\t\t<\/div>\n\t\t\t\t\t<\/div>\n\n\t\n\n\t<div id=\"col-1831823246\" class=\"col medium-8 small-12 large-8\"  >\n\t\t\t\t<div class=\"col-inner\"  >\n\t\t\t\n\t\t\t\n\n<ul>\n<li class=\"yiv3004133672MsoNormal\"><a href=\"https:\/\/www.fdc-group.net\/new\/wp-content\/uploads\/2021\/04\/Brochure-LABORATORIO-FDC-1.pdf\" target=\"_blank\" rel=\"noopener noreferrer\">Brochure Detallado del Laboratorio<\/a><\/li>\n<li class=\"yiv3004133672MsoNormal\"><a href=\"https:\/\/www.fdc-group.net\/new\/wp-content\/uploads\/2021\/04\/Protocolos-LABORATORIO-FDC.pdf\" target=\"_blank\" rel=\"noopener noreferrer\">Protocolos del Laboratorio<\/a><\/li>\n<\/ul>\n\t<div id=\"gap-1343007973\" class=\"gap-element clearfix\" style=\"display:block; height:auto;\">\n\t\t\n<style>\n#gap-1343007973 {\n  padding-top: 60px;\n}\n<\/style>\n\t<\/div>\n\t\n\n<p><strong>Reportes de Laboratorio<\/strong><\/p>\n<p><a href=\"https:\/\/www.fdc-group.net\/new\/reportes-pvt-enap\/\">ENAP Acceso Privado<\/a><\/p>\n\n\t\t<\/div>\n\t\t\t\t\t<\/div>\n\n\t\n\n\t<div id=\"col-1951045788\" class=\"col medium-2 small-12 large-2\"  >\n\t\t\t\t<div class=\"col-inner\"  >\n\t\t\t\n\t\t\t\n\n\n\t\t<\/div>\n\t\t\t\t\t<\/div>\n\n\t\n\n<\/div>\n\n","protected":false},"excerpt":{"rendered":"<p>&nbsp; Laboratorio &nbsp; \u00bfQU\u00c9 SE PUEDE REALIZAR EN EL LAB? Estudios PVT est\u00e1ndar de propiedades, composiciones y comportamiento termodin\u00e1mico de fluidos de reservorio Estudios de composiciones y propiedades Estudios reol\u00f3gicos y de deposici\u00f3n de parafinas Estudios especiales que puedan surgir para la resoluci\u00f3n de problemas reales o para mejor definici\u00f3n de fluidos en modelos de [&#8230;]\n","protected":false},"author":3,"featured_media":0,"parent":0,"menu_order":0,"comment_status":"closed","ping_status":"closed","template":"page-blank.php","meta":{"footnotes":""},"class_list":["post-2533","page","type-page","status-publish","hentry"],"_links":{"self":[{"href":"https:\/\/www.fdc-group.net\/new\/wp-json\/wp\/v2\/pages\/2533","targetHints":{"allow":["GET"]}}],"collection":[{"href":"https:\/\/www.fdc-group.net\/new\/wp-json\/wp\/v2\/pages"}],"about":[{"href":"https:\/\/www.fdc-group.net\/new\/wp-json\/wp\/v2\/types\/page"}],"author":[{"embeddable":true,"href":"https:\/\/www.fdc-group.net\/new\/wp-json\/wp\/v2\/users\/3"}],"replies":[{"embeddable":true,"href":"https:\/\/www.fdc-group.net\/new\/wp-json\/wp\/v2\/comments?post=2533"}],"version-history":[{"count":10,"href":"https:\/\/www.fdc-group.net\/new\/wp-json\/wp\/v2\/pages\/2533\/revisions"}],"predecessor-version":[{"id":3660,"href":"https:\/\/www.fdc-group.net\/new\/wp-json\/wp\/v2\/pages\/2533\/revisions\/3660"}],"wp:attachment":[{"href":"https:\/\/www.fdc-group.net\/new\/wp-json\/wp\/v2\/media?parent=2533"}],"curies":[{"name":"wp","href":"https:\/\/api.w.org\/{rel}","templated":true}]}}