{"id":2557,"date":"2021-01-22T10:55:28","date_gmt":"2021-01-22T10:55:28","guid":{"rendered":"https:\/\/www.fdc-group.net\/new\/?page_id=2557"},"modified":"2024-03-12T03:59:44","modified_gmt":"2024-03-12T03:59:44","slug":"software","status":"publish","type":"page","link":"https:\/\/www.fdc-group.net\/new\/software\/","title":{"rendered":"Software"},"content":{"rendered":"\n<h1>&nbsp;<\/h1>\n<h1 class=\"uppercase\" style=\"text-align: center;\"><span style=\"color: #32485c;\">Software<\/span><\/h1>\n<p>&nbsp;<\/p>\n<div class=\"row\"  id=\"row-1437221434\">\n\n\n\t<div id=\"col-287779418\" class=\"col medium-3 small-12 large-3\"  >\n\t\t\t\t<div class=\"col-inner\"  >\n\t\t\t\n\t\t\t\n\n\n\t\t<\/div>\n\t\t\t\t\t<\/div>\n\n\t\n\n\t<div id=\"col-1800501143\" class=\"col medium-6 small-12 large-6\"  >\n\t\t\t\t<div class=\"col-inner\"  >\n\t\t\t\n\t\t\t\n\n\t<div class=\"img has-hover x md-x lg-x y md-y lg-y\" id=\"image_1629808527\">\n\t\t\t\t\t\t\t\t<div class=\"img-inner dark\" >\n\t\t\t<img loading=\"lazy\" decoding=\"async\" width=\"594\" height=\"172\" src=\"https:\/\/www.fdc-group.net\/new\/wp-content\/uploads\/2021\/02\/aKappaCompany.jpg\" class=\"attachment-large size-large\" alt=\"\" srcset=\"https:\/\/www.fdc-group.net\/new\/wp-content\/uploads\/2021\/02\/aKappaCompany.jpg 594w, https:\/\/www.fdc-group.net\/new\/wp-content\/uploads\/2021\/02\/aKappaCompany-300x87.jpg 300w\" sizes=\"auto, (max-width: 594px) 100vw, 594px\" \/>\t\t\t\t\t\t\n\t\t\t\t\t<\/div>\n\t\t\t\t\t\t\t\t\n<style>\n#image_1629808527 {\n  width: 100%;\n}\n<\/style>\n\t<\/div>\n\t\n\n\n\t\t<\/div>\n\t\t\t\t\t<\/div>\n\n\t\n\n\t<div id=\"col-1093615495\" class=\"col medium-3 small-12 large-3\"  >\n\t\t\t\t<div class=\"col-inner\"  >\n\t\t\t\n\t\t\t\n\n\n\t\t<\/div>\n\t\t\t\t\t<\/div>\n\n\t\n\n<\/div>\n\n  <div class=\"banner has-hover\" id=\"banner-2205820\">\n          <div class=\"banner-inner fill\">\n        <div class=\"banner-bg fill\" >\n            <img loading=\"lazy\" decoding=\"async\" width=\"420\" height=\"132\" src=\"https:\/\/www.fdc-group.net\/new\/wp-content\/uploads\/2021\/03\/FondoTrazo.png\" class=\"bg attachment-large size-large\" alt=\"\" \/>                                    \n                    <\/div>\n\t\t\n        <div class=\"banner-layers container\">\n            <div class=\"fill banner-link\"><\/div>            \n\n   <div id=\"text-box-772176802\" class=\"text-box banner-layer x50 md-x50 lg-x50 y50 md-y50 lg-y50 res-text\">\n                                <div class=\"text-box-content text \">\n              \n              <div class=\"text-inner text-center\">\n                  \n\n<p style=\"text-align: center;\" data-line-height=\"xl\"><span style=\"font-size: 130%;\" data-line-height=\"xl\">En el a\u00f1o 2018 la empresa l\u00edder en software de ingenier\u00eda en petr\u00f3leo adquiri\u00f3 el 50% del capital accionario de FDC.<\/span><\/p>\n<p style=\"text-align: center;\" data-line-height=\"xl\"><span style=\"font-size: 130%;\" data-line-height=\"xl\">Somos representantes exclusivos en Argentina, Chile, Bolivia y Per\u00fa para la comercializaci\u00f3n de sus productos y soporte t\u00e9cnico.<\/span><\/p>\n\n              <\/div>\n           <\/div>\n                            \n<style>\n#text-box-772176802 {\n  width: 80%;\n}\n#text-box-772176802 .text-box-content {\n  font-size: 100%;\n}\n<\/style>\n    <\/div>\n \n\n        <\/div>\n      <\/div>\n\n            \n<style>\n#banner-2205820 {\n  padding-top: 350px;\n  background-color: rgb(255,255,255);\n}\n<\/style>\n  <\/div>\n\n\n\t<div id=\"gap-1508568097\" class=\"gap-element clearfix\" style=\"display:block; height:auto;\">\n\t\t\n<style>\n#gap-1508568097 {\n  padding-top: 30px;\n}\n<\/style>\n\t<\/div>\n\t\n\n<div class=\"row\"  id=\"row-1762211178\">\n\n\n\t<div id=\"col-1709218839\" class=\"col medium-1 small-12 large-1\"  >\n\t\t\t\t<div class=\"col-inner\"  >\n\t\t\t\n\t\t\t\n\n\n\t\t<\/div>\n\t\t\t\t\t<\/div>\n\n\t\n\n\t<div id=\"col-1470994350\" class=\"col medium-10 small-12 large-10\"  >\n\t\t\t\t<div class=\"col-inner\"  >\n\t\t\t\n\t\t\t\n\n\t<div class=\"img has-hover x md-x lg-x y md-y lg-y\" id=\"image_718088522\">\n\t\t\t\t\t\t\t\t<div class=\"img-inner dark\" >\n\t\t\t<img loading=\"lazy\" decoding=\"async\" width=\"842\" height=\"367\" src=\"https:\/\/www.fdc-group.net\/new\/wp-content\/uploads\/2021\/02\/PiedrasKappa.jpg\" class=\"attachment-large size-large\" alt=\"\" srcset=\"https:\/\/www.fdc-group.net\/new\/wp-content\/uploads\/2021\/02\/PiedrasKappa.jpg 842w, https:\/\/www.fdc-group.net\/new\/wp-content\/uploads\/2021\/02\/PiedrasKappa-300x131.jpg 300w, https:\/\/www.fdc-group.net\/new\/wp-content\/uploads\/2021\/02\/PiedrasKappa-768x335.jpg 768w\" sizes=\"auto, (max-width: 842px) 100vw, 842px\" \/>\t\t\t\t\t\t\n\t\t\t\t\t<\/div>\n\t\t\t\t\t\t\t\t\n<style>\n#image_718088522 {\n  width: 100%;\n}\n<\/style>\n\t<\/div>\n\t\n\n\n\t\t<\/div>\n\t\t\t\t\t<\/div>\n\n\t\n\n\t<div id=\"col-4813340\" class=\"col medium-1 small-12 large-1\"  >\n\t\t\t\t<div class=\"col-inner\"  >\n\t\t\t\n\t\t\t\n\n\n\t\t<\/div>\n\t\t\t\t\t<\/div>\n\n\t\n\n<\/div>\n<div class=\"row align-middle\"  id=\"row-1951010531\">\n\n\n\t<div id=\"col-1986937734\" class=\"col medium-6 small-12 large-6\"  >\n\t\t\t\t<div class=\"col-inner\"  >\n\t\t\t\n\t\t\t\n\n\t<div class=\"img has-hover x md-x lg-x y md-y lg-y\" id=\"image_1502753541\">\n\t\t\t\t\t\t\t\t<div class=\"img-inner dark\" >\n\t\t\t<img loading=\"lazy\" decoding=\"async\" width=\"676\" height=\"547\" src=\"https:\/\/www.fdc-group.net\/new\/wp-content\/uploads\/2021\/02\/SoftwareMonitor1.jpg\" class=\"attachment-large size-large\" alt=\"\" srcset=\"https:\/\/www.fdc-group.net\/new\/wp-content\/uploads\/2021\/02\/SoftwareMonitor1.jpg 676w, https:\/\/www.fdc-group.net\/new\/wp-content\/uploads\/2021\/02\/SoftwareMonitor1-300x243.jpg 300w\" sizes=\"auto, (max-width: 676px) 100vw, 676px\" \/>\t\t\t\t\t\t\n\t\t\t\t\t<\/div>\n\t\t\t\t\t\t\t\t\n<style>\n#image_1502753541 {\n  width: 100%;\n}\n<\/style>\n\t<\/div>\n\t\n\n\n\t\t<\/div>\n\t\t\t\t\t<\/div>\n\n\t\n\n\t<div id=\"col-822800906\" class=\"col medium-6 small-12 large-6\"  >\n\t\t\t\t<div class=\"col-inner\"  >\n\t\t\t\n\t\t\t\n\n<ul>\n<li>Herramientas pensadas y <strong>dise\u00f1adas por ingenieros para ingenieros de reservorios y producci\u00f3n<\/strong>.<\/li>\n<li>\n<p>Instrumentos clave para el an\u00e1lisis din\u00e1mico de la data.<\/p>\n<\/li>\n<li>Permiten caracterizar la productividad del pozo, calcular<br \/>la volumetr\u00eda, realizar simulaci\u00f3n num\u00e9rica y pron\u00f3stico EUR.<\/li>\n<\/ul>\n\n\t\t<\/div>\n\t\t\t\t\t<\/div>\n\n\t\n\n<\/div>\n<div class=\"row align-middle\"  id=\"row-1752537282\">\n\n\n\t<div id=\"col-855739127\" class=\"col medium-6 small-12 large-6\"  >\n\t\t\t\t<div class=\"col-inner\"  >\n\t\t\t\n\t\t\t\n\n<ul>\n<li>Cuentan con una interfaz user friendly que resulta sencilla de utilizar y con caracter\u00edsticas intuitivas para los usuarios.<\/li>\n<li>Toda la gama de software utiliza una misma l\u00ednea de concepto y dise\u00f1o que facilita la adaptaci\u00f3n del usuario.<\/li>\n<\/ul>\n\n\t\t<\/div>\n\t\t\t\t\t<\/div>\n\n\t\n\n\t<div id=\"col-742677803\" class=\"col medium-6 small-12 large-6\"  >\n\t\t\t\t<div class=\"col-inner\"  >\n\t\t\t\n\t\t\t\n\n\t<div class=\"img has-hover x md-x lg-x y md-y lg-y\" id=\"image_2022435478\">\n\t\t\t\t\t\t\t\t<div class=\"img-inner dark\" >\n\t\t\t<img loading=\"lazy\" decoding=\"async\" width=\"676\" height=\"547\" src=\"https:\/\/www.fdc-group.net\/new\/wp-content\/uploads\/2021\/02\/SoftwareMonitor2.jpg\" class=\"attachment-large size-large\" alt=\"\" srcset=\"https:\/\/www.fdc-group.net\/new\/wp-content\/uploads\/2021\/02\/SoftwareMonitor2.jpg 676w, https:\/\/www.fdc-group.net\/new\/wp-content\/uploads\/2021\/02\/SoftwareMonitor2-300x243.jpg 300w\" sizes=\"auto, (max-width: 676px) 100vw, 676px\" \/>\t\t\t\t\t\t\n\t\t\t\t\t<\/div>\n\t\t\t\t\t\t\t\t\n<style>\n#image_2022435478 {\n  width: 100%;\n}\n<\/style>\n\t<\/div>\n\t\n\n\n\t\t<\/div>\n\t\t\t\t\t<\/div>\n\n\t\n\n<\/div>\n<div class=\"row\"  id=\"row-1820397927\">\n\n\n\t<div id=\"col-1403940532\" class=\"col medium-1 small-12 large-1\"  >\n\t\t\t\t<div class=\"col-inner\"  >\n\t\t\t\n\t\t\t\n\n\n\t\t<\/div>\n\t\t\t\t\t<\/div>\n\n\t\n\n\t<div id=\"col-1691516348\" class=\"col medium-10 small-12 large-10\"  >\n\t\t\t\t<div class=\"col-inner\"  >\n\t\t\t\n\t\t\t\n\n<ul>\n<li style=\"list-style-type: none;\">\n<ul>\n<li class=\"bullet-checkmark\" style=\"text-align: center;\">Peri\u00f3dicamente realizamos free training sessions<\/li>\n<li class=\"bullet-checkmark\" style=\"text-align: center;\">Dictamos capacitaciones in-house sobre las distintas disciplinas y softwares de <a href=\"https:\/\/www.kappaeng.com\/\"><img loading=\"lazy\" decoding=\"async\" class=\"wp-image-3201 alignnone\" src=\"https:\/\/www.fdc-group.net\/new\/wp-content\/uploads\/2021\/03\/kappa-300x92.png\" alt=\"\" width=\"91\" height=\"28\"><\/a>.<\/li>\n<\/ul>\n<\/li>\n<\/ul>\n\n\t\t<\/div>\n\t\t\t\t\t<\/div>\n\n\t\n\n\t<div id=\"col-888077364\" class=\"col medium-1 small-12 large-1\"  >\n\t\t\t\t<div class=\"col-inner\"  >\n\t\t\t\n\t\t\t\n\n\n\t\t<\/div>\n\t\t\t\t\t<\/div>\n\n\t\n\n<\/div>\n\n","protected":false},"excerpt":{"rendered":"<p>&nbsp; Software &nbsp;<\/p>\n","protected":false},"author":3,"featured_media":0,"parent":0,"menu_order":0,"comment_status":"closed","ping_status":"closed","template":"page-blank.php","meta":{"footnotes":""},"class_list":["post-2557","page","type-page","status-publish","hentry"],"_links":{"self":[{"href":"https:\/\/www.fdc-group.net\/new\/wp-json\/wp\/v2\/pages\/2557","targetHints":{"allow":["GET"]}}],"collection":[{"href":"https:\/\/www.fdc-group.net\/new\/wp-json\/wp\/v2\/pages"}],"about":[{"href":"https:\/\/www.fdc-group.net\/new\/wp-json\/wp\/v2\/types\/page"}],"author":[{"embeddable":true,"href":"https:\/\/www.fdc-group.net\/new\/wp-json\/wp\/v2\/users\/3"}],"replies":[{"embeddable":true,"href":"https:\/\/www.fdc-group.net\/new\/wp-json\/wp\/v2\/comments?post=2557"}],"version-history":[{"count":10,"href":"https:\/\/www.fdc-group.net\/new\/wp-json\/wp\/v2\/pages\/2557\/revisions"}],"predecessor-version":[{"id":3640,"href":"https:\/\/www.fdc-group.net\/new\/wp-json\/wp\/v2\/pages\/2557\/revisions\/3640"}],"wp:attachment":[{"href":"https:\/\/www.fdc-group.net\/new\/wp-json\/wp\/v2\/media?parent=2557"}],"curies":[{"name":"wp","href":"https:\/\/api.w.org\/{rel}","templated":true}]}}