{"id":2632,"date":"2021-01-28T13:48:53","date_gmt":"2021-01-28T13:48:53","guid":{"rendered":"https:\/\/www.fdc-group.net\/new\/?page_id=2632"},"modified":"2021-06-21T20:35:06","modified_gmt":"2021-06-21T20:35:06","slug":"inicio-2","status":"publish","type":"page","link":"https:\/\/www.fdc-group.net\/new\/","title":{"rendered":"Inicio"},"content":{"rendered":"\n\t<div class=\"box has-hover   has-hover box-push box-text-bottom\" >\n\n\t\t<div class=\"box-image\" >\n\t\t\t\t\t\t<div class=\"image-cover\" style=\"padding-top:50%;\">\n\t\t\t\t<img loading=\"lazy\" decoding=\"async\" width=\"1584\" height=\"669\" src=\"https:\/\/www.fdc-group.net\/new\/wp-content\/uploads\/2021\/03\/FDCMain.png\" class=\"attachment- size-\" alt=\"\" srcset=\"https:\/\/www.fdc-group.net\/new\/wp-content\/uploads\/2021\/03\/FDCMain.png 1584w, https:\/\/www.fdc-group.net\/new\/wp-content\/uploads\/2021\/03\/FDCMain-300x127.png 300w, https:\/\/www.fdc-group.net\/new\/wp-content\/uploads\/2021\/03\/FDCMain-1024x432.png 1024w, https:\/\/www.fdc-group.net\/new\/wp-content\/uploads\/2021\/03\/FDCMain-768x324.png 768w, https:\/\/www.fdc-group.net\/new\/wp-content\/uploads\/2021\/03\/FDCMain-1536x649.png 1536w\" sizes=\"auto, (max-width: 1584px) 100vw, 1584px\" \/>\t\t\t\t\t\t\t\t\t\t\t<\/div>\n\t\t\t\t\t<\/div>\n\n\t\t<div class=\"box-text text-center is-small\" style=\"padding:00px 0px 0px 0px;\">\n\t\t\t<div class=\"box-text-inner\">\n\t\t\t\t\n\n<h2 class=\"alt-font uppercase\" style=\"text-align: center;\"><span style=\"color: #064890; font-size: 100%;\"><em>Ingenier\u00eda de excelencia<\/em><\/span><\/h2>\n<h2 class=\"alt-font uppercase\" style=\"text-align: center;\"><span style=\"color: #064890; font-size: 100%;\"><em> en Exploraci\u00f3n y Producci\u00f3n<\/em><\/span><\/h2>\n\n\t\t\t<\/div>\n\t\t<\/div>\n\t<\/div>\n\t\n\t<div id=\"gap-759804574\" class=\"gap-element clearfix\" style=\"display:block; height:auto;\">\n\t\t\n<style>\n#gap-759804574 {\n  padding-top: 90px;\n}\n<\/style>\n\t<\/div>\n\t\n\n<div class=\"row\"  id=\"row-1386524734\">\n\n\n\t<div id=\"col-1112080473\" class=\"col medium-1 small-12 large-1\"  >\n\t\t\t\t<div class=\"col-inner\"  >\n\t\t\t\n\t\t\t\n\n\n\t\t<\/div>\n\t\t\t\t\t<\/div>\n\n\t\n\n\t<div id=\"col-1272870626\" class=\"col medium-10 small-12 large-10\"  >\n\t\t\t\t<div class=\"col-inner\"  >\n\t\t\t\n\t\t\t\n\n<h1 class=\"lead\" style=\"text-align: center;\">Nos dedicamos a la ingenier\u00eda de reservorios y<br \/>producci\u00f3n desde hace m\u00e1s de 20 a\u00f1os.<br \/>Realizamos los an\u00e1lisis y pron\u00f3sticos m\u00e1s<br \/>confiables del mercado para la toma de decisiones<br \/>de nuestros clientes<\/h1>\n\n\t\t<\/div>\n\t\t\t\t\t<\/div>\n\n\t\n\n\t<div id=\"col-1930789934\" class=\"col medium-1 small-12 large-1\"  >\n\t\t\t\t<div class=\"col-inner\"  >\n\t\t\t\n\t\t\t\n\n\n\t\t<\/div>\n\t\t\t\t\t<\/div>\n\n\t\n\n<\/div>\n\t<div class=\"img has-hover x md-x lg-x y md-y lg-y\" id=\"image_582668896\">\n\t\t\t\t\t\t\t\t<div class=\"img-inner dark\" >\n\t\t\t<img loading=\"lazy\" decoding=\"async\" width=\"1020\" height=\"575\" src=\"https:\/\/www.fdc-group.net\/new\/wp-content\/uploads\/2021\/03\/AdobeStock_361418148-1024x577.jpeg\" class=\"attachment-large size-large\" alt=\"\" srcset=\"https:\/\/www.fdc-group.net\/new\/wp-content\/uploads\/2021\/03\/AdobeStock_361418148-1024x577.jpeg 1024w, https:\/\/www.fdc-group.net\/new\/wp-content\/uploads\/2021\/03\/AdobeStock_361418148-300x169.jpeg 300w, https:\/\/www.fdc-group.net\/new\/wp-content\/uploads\/2021\/03\/AdobeStock_361418148-768x433.jpeg 768w, https:\/\/www.fdc-group.net\/new\/wp-content\/uploads\/2021\/03\/AdobeStock_361418148-1536x865.jpeg 1536w, https:\/\/www.fdc-group.net\/new\/wp-content\/uploads\/2021\/03\/AdobeStock_361418148-2048x1154.jpeg 2048w\" sizes=\"auto, (max-width: 1020px) 100vw, 1020px\" \/>\t\t\t\t\t\t\n\t\t\t\t\t<\/div>\n\t\t\t\t\t\t\t\t\n<style>\n#image_582668896 {\n  width: 100%;\n}\n<\/style>\n\t<\/div>\n\t\n\n\t<div id=\"gap-2107058379\" class=\"gap-element clearfix\" style=\"display:block; height:auto;\">\n\t\t\n<style>\n#gap-2107058379 {\n  padding-top: 60px;\n}\n<\/style>\n\t<\/div>\n\t\n\n<h1 class=\"lead uppercase\" style=\"text-align: center;\">Nuestros Servicios<\/h1>\n\t<div id=\"gap-1607388057\" class=\"gap-element clearfix\" style=\"display:block; height:auto;\">\n\t\t\n<style>\n#gap-1607388057 {\n  padding-top: 60px;\n}\n<\/style>\n\t<\/div>\n\t\n\n<div class=\"row align-middle align-center\"  id=\"row-244769614\">\n\n\n\t<div id=\"col-939388947\" class=\"col medium-4 small-12 large-4\"  >\n\t\t\t\t<div class=\"col-inner\"  >\n\t\t\t\n\t\t\t\n\n\t<div class=\"box has-hover   has-hover box-none box-text-bottom\" >\n\n\t\t<div class=\"box-image\" style=\"border-radius:100%;width:75%;\">\n\t\t\t<a href=\"http:\/\/ingenieria-petroleo\" >\t\t\t<div class=\"image-glow image-zoom image-cover\" style=\"padding-top:100%;\">\n\t\t\t\t<img loading=\"lazy\" decoding=\"async\" width=\"3245\" height=\"3245\" src=\"https:\/\/www.fdc-group.net\/new\/wp-content\/uploads\/2021\/06\/IngenieriaHome_1024x1024.png\" class=\"attachment- size-\" alt=\"\" srcset=\"https:\/\/www.fdc-group.net\/new\/wp-content\/uploads\/2021\/06\/IngenieriaHome_1024x1024.png 3245w, https:\/\/www.fdc-group.net\/new\/wp-content\/uploads\/2021\/06\/IngenieriaHome_1024x1024-300x300.png 300w, https:\/\/www.fdc-group.net\/new\/wp-content\/uploads\/2021\/06\/IngenieriaHome_1024x1024-1024x1024.png 1024w, https:\/\/www.fdc-group.net\/new\/wp-content\/uploads\/2021\/06\/IngenieriaHome_1024x1024-150x150.png 150w, https:\/\/www.fdc-group.net\/new\/wp-content\/uploads\/2021\/06\/IngenieriaHome_1024x1024-768x768.png 768w, https:\/\/www.fdc-group.net\/new\/wp-content\/uploads\/2021\/06\/IngenieriaHome_1024x1024-1536x1536.png 1536w, https:\/\/www.fdc-group.net\/new\/wp-content\/uploads\/2021\/06\/IngenieriaHome_1024x1024-2048x2048.png 2048w\" sizes=\"auto, (max-width: 3245px) 100vw, 3245px\" \/>\t\t\t\t\t\t\t\t\t\t\t<\/div>\n\t\t\t<\/a>\t\t<\/div>\n\n\t\t<div class=\"box-text show-on-hover hover-bounce text-center\" >\n\t\t\t<div class=\"box-text-inner\">\n\t\t\t\t\n\n\n\t\t\t<\/div>\n\t\t<\/div>\n\t<\/div>\n\t\n\n\t\t<\/div>\n\t\t\t\t\t<\/div>\n\n\t\n\n\t<div id=\"col-630325810\" class=\"col medium-4 small-12 large-4\"  >\n\t\t\t\t<div class=\"col-inner\"  >\n\t\t\t\n\t\t\t\n\n\t<div class=\"box has-hover   has-hover box-none box-text-bottom\" >\n\n\t\t<div class=\"box-image\" style=\"border-radius:100%;width:75%;\">\n\t\t\t<a href=\"http:\/\/Laboratorio\" >\t\t\t<div class=\"image-overlay-remove image-zoom image-cover\" style=\"padding-top:100%;\">\n\t\t\t\t<img loading=\"lazy\" decoding=\"async\" width=\"3245\" height=\"3245\" src=\"https:\/\/www.fdc-group.net\/new\/wp-content\/uploads\/2021\/06\/LaboratorioHome_1024x1024.png\" class=\"attachment- size-\" alt=\"\" srcset=\"https:\/\/www.fdc-group.net\/new\/wp-content\/uploads\/2021\/06\/LaboratorioHome_1024x1024.png 3245w, https:\/\/www.fdc-group.net\/new\/wp-content\/uploads\/2021\/06\/LaboratorioHome_1024x1024-300x300.png 300w, https:\/\/www.fdc-group.net\/new\/wp-content\/uploads\/2021\/06\/LaboratorioHome_1024x1024-1024x1024.png 1024w, https:\/\/www.fdc-group.net\/new\/wp-content\/uploads\/2021\/06\/LaboratorioHome_1024x1024-150x150.png 150w, https:\/\/www.fdc-group.net\/new\/wp-content\/uploads\/2021\/06\/LaboratorioHome_1024x1024-768x768.png 768w, https:\/\/www.fdc-group.net\/new\/wp-content\/uploads\/2021\/06\/LaboratorioHome_1024x1024-1536x1536.png 1536w, https:\/\/www.fdc-group.net\/new\/wp-content\/uploads\/2021\/06\/LaboratorioHome_1024x1024-2048x2048.png 2048w\" sizes=\"auto, (max-width: 3245px) 100vw, 3245px\" \/>\t\t\t\t\t\t\t\t\t\t\t<\/div>\n\t\t\t<\/a>\t\t<\/div>\n\n\t\t<div class=\"box-text show-on-hover hover-bounce text-center\" >\n\t\t\t<div class=\"box-text-inner\">\n\t\t\t\t\n\n\n\t\t\t<\/div>\n\t\t<\/div>\n\t<\/div>\n\t\n\n\t\t<\/div>\n\t\t\t\t\t<\/div>\n\n\t\n\n\t<div id=\"col-1408168615\" class=\"col medium-4 small-12 large-4\"  >\n\t\t\t\t<div class=\"col-inner\"  >\n\t\t\t\n\t\t\t\n\n\t<div class=\"box has-hover   has-hover box-none box-text-bottom\" >\n\n\t\t<div class=\"box-image\" style=\"border-radius:100%;width:75%;\">\n\t\t\t<a href=\"http:\/\/software\" >\t\t\t<div class=\"image-overlay-remove image-zoom image-cover\" style=\"padding-top:100%;\">\n\t\t\t\t<img loading=\"lazy\" decoding=\"async\" width=\"3279\" height=\"3282\" src=\"https:\/\/www.fdc-group.net\/new\/wp-content\/uploads\/2021\/06\/SoftwareHome_1024x1024.png\" class=\"attachment- size-\" alt=\"\" srcset=\"https:\/\/www.fdc-group.net\/new\/wp-content\/uploads\/2021\/06\/SoftwareHome_1024x1024.png 3279w, https:\/\/www.fdc-group.net\/new\/wp-content\/uploads\/2021\/06\/SoftwareHome_1024x1024-300x300.png 300w, https:\/\/www.fdc-group.net\/new\/wp-content\/uploads\/2021\/06\/SoftwareHome_1024x1024-1024x1024.png 1024w, https:\/\/www.fdc-group.net\/new\/wp-content\/uploads\/2021\/06\/SoftwareHome_1024x1024-150x150.png 150w, https:\/\/www.fdc-group.net\/new\/wp-content\/uploads\/2021\/06\/SoftwareHome_1024x1024-768x769.png 768w, https:\/\/www.fdc-group.net\/new\/wp-content\/uploads\/2021\/06\/SoftwareHome_1024x1024-1536x1536.png 1536w, https:\/\/www.fdc-group.net\/new\/wp-content\/uploads\/2021\/06\/SoftwareHome_1024x1024-2046x2048.png 2046w\" sizes=\"auto, (max-width: 3279px) 100vw, 3279px\" \/>\t\t\t\t\t\t\t\t\t\t\t<\/div>\n\t\t\t<\/a>\t\t<\/div>\n\n\t\t<div class=\"box-text show-on-hover hover-bounce text-center\" >\n\t\t\t<div class=\"box-text-inner\">\n\t\t\t\t\n\n\n\t\t\t<\/div>\n\t\t<\/div>\n\t<\/div>\n\t\n\n\t\t<\/div>\n\t\t\t\t\t<\/div>\n\n\t\n\n<\/div>\n<div class=\"row\"  id=\"row-1036484083\">\n\n\n\t<div id=\"col-346142845\" class=\"col medium-2 small-12 large-2\"  >\n\t\t\t\t<div class=\"col-inner\"  >\n\t\t\t\n\t\t\t\n\n\n\t\t<\/div>\n\t\t\t\t\t<\/div>\n\n\t\n\n\t<div id=\"col-389089561\" class=\"col medium-4 small-12 large-4\"  >\n\t\t\t\t<div class=\"col-inner\"  >\n\t\t\t\n\t\t\t\n\n\t<div class=\"box has-hover   has-hover box-none box-text-bottom\" >\n\n\t\t<div class=\"box-image\" style=\"border-radius:43%;width:75%;\">\n\t\t\t<a href=\"http:\/\/capacitacion\" >\t\t\t<div class=\"image-glow image-zoom image-cover\" style=\"padding-top:100%;\">\n\t\t\t\t<img loading=\"lazy\" decoding=\"async\" width=\"3270\" height=\"3274\" src=\"https:\/\/www.fdc-group.net\/new\/wp-content\/uploads\/2021\/06\/CapacitacionesHome_1400x1400.png\" class=\"attachment- size-\" alt=\"\" srcset=\"https:\/\/www.fdc-group.net\/new\/wp-content\/uploads\/2021\/06\/CapacitacionesHome_1400x1400.png 3270w, https:\/\/www.fdc-group.net\/new\/wp-content\/uploads\/2021\/06\/CapacitacionesHome_1400x1400-300x300.png 300w, https:\/\/www.fdc-group.net\/new\/wp-content\/uploads\/2021\/06\/CapacitacionesHome_1400x1400-1024x1024.png 1024w, https:\/\/www.fdc-group.net\/new\/wp-content\/uploads\/2021\/06\/CapacitacionesHome_1400x1400-150x150.png 150w, https:\/\/www.fdc-group.net\/new\/wp-content\/uploads\/2021\/06\/CapacitacionesHome_1400x1400-768x769.png 768w, https:\/\/www.fdc-group.net\/new\/wp-content\/uploads\/2021\/06\/CapacitacionesHome_1400x1400-1534x1536.png 1534w, https:\/\/www.fdc-group.net\/new\/wp-content\/uploads\/2021\/06\/CapacitacionesHome_1400x1400-2045x2048.png 2045w\" sizes=\"auto, (max-width: 3270px) 100vw, 3270px\" \/>\t\t\t\t\t\t\t\t\t\t\t<\/div>\n\t\t\t<\/a>\t\t<\/div>\n\n\t\t<div class=\"box-text show-on-hover hover-bounce text-center\" >\n\t\t\t<div class=\"box-text-inner\">\n\t\t\t\t\n\n\n\t\t\t<\/div>\n\t\t<\/div>\n\t<\/div>\n\t\n\n\t\t<\/div>\n\t\t\t\t\t<\/div>\n\n\t\n\n\t<div id=\"col-634657278\" class=\"col medium-4 small-12 large-4\"  >\n\t\t\t\t<div class=\"col-inner\"  >\n\t\t\t\n\t\t\t\n\n\t<div class=\"box has-hover   has-hover box-none box-text-bottom\" >\n\n\t\t<div class=\"box-image\" style=\"border-radius:100%;width:75%;\">\n\t\t\t<a href=\"http:\/\/reportes\" >\t\t\t<div class=\"image-overlay-remove image-zoom image-cover\" style=\"padding-top:100%;\">\n\t\t\t\t<img loading=\"lazy\" decoding=\"async\" width=\"3269\" height=\"3272\" src=\"https:\/\/www.fdc-group.net\/new\/wp-content\/uploads\/2021\/06\/PlataformaYReportesHome_1024x1024.png\" class=\"attachment- size-\" alt=\"\" srcset=\"https:\/\/www.fdc-group.net\/new\/wp-content\/uploads\/2021\/06\/PlataformaYReportesHome_1024x1024.png 3269w, https:\/\/www.fdc-group.net\/new\/wp-content\/uploads\/2021\/06\/PlataformaYReportesHome_1024x1024-300x300.png 300w, https:\/\/www.fdc-group.net\/new\/wp-content\/uploads\/2021\/06\/PlataformaYReportesHome_1024x1024-1024x1024.png 1024w, https:\/\/www.fdc-group.net\/new\/wp-content\/uploads\/2021\/06\/PlataformaYReportesHome_1024x1024-150x150.png 150w, https:\/\/www.fdc-group.net\/new\/wp-content\/uploads\/2021\/06\/PlataformaYReportesHome_1024x1024-768x769.png 768w, https:\/\/www.fdc-group.net\/new\/wp-content\/uploads\/2021\/06\/PlataformaYReportesHome_1024x1024-1536x1536.png 1536w, https:\/\/www.fdc-group.net\/new\/wp-content\/uploads\/2021\/06\/PlataformaYReportesHome_1024x1024-2046x2048.png 2046w\" sizes=\"auto, (max-width: 3269px) 100vw, 3269px\" \/>\t\t\t\t\t\t\t\t\t\t\t<\/div>\n\t\t\t<\/a>\t\t<\/div>\n\n\t\t<div class=\"box-text show-on-hover hover-bounce text-center\" >\n\t\t\t<div class=\"box-text-inner\">\n\t\t\t\t\n\n\n\t\t\t<\/div>\n\t\t<\/div>\n\t<\/div>\n\t\n\n\t\t<\/div>\n\t\t\t\t\t<\/div>\n\n\t\n\n\t<div id=\"col-888429837\" class=\"col medium-2 small-12 large-2\"  >\n\t\t\t\t<div class=\"col-inner\"  >\n\t\t\t\n\t\t\t\n\n\n\t\t<\/div>\n\t\t\t\t\t<\/div>\n\n\t\n\n<\/div>\n\n\t<section class=\"section\" id=\"section_1590957028\">\n\t\t<div class=\"section-bg fill\" >\n\t\t\t<img loading=\"lazy\" decoding=\"async\" width=\"420\" height=\"132\" src=\"https:\/\/www.fdc-group.net\/new\/wp-content\/uploads\/2021\/03\/FondoTrazo.png\" class=\"bg attachment-original size-original\" alt=\"\" \/>\t\t\t\t\t\t\n\t\t\t\n\n\t\t<\/div>\n\n\t\t\n\n\t\t<div class=\"section-content relative\">\n\t\t\t\n\n<div class=\"row row-large align-center\"  id=\"row-635566265\">\n\n\n\t<div id=\"col-182357515\" class=\"col medium-5 small-12 large-5\"  >\n\t\t\t\t<div class=\"col-inner text-right\"  >\n\t\t\t\n\t\t\t\n\n<p>\u00a0<\/p>\n<p>\u00a0<\/p>\n<p>\u00a0<\/p>\n<p>\u00a0<\/p>\n<h1 style=\"text-align: center;\"><span style=\"color: #32485c;\">FDC EN N\u00daMEROS<\/span><\/h1>\n\n\t\t<\/div>\n\t\t\t\t\t<\/div>\n\n\t\n\n\t<div id=\"col-1394676260\" class=\"col medium-2 small-12 large-2\"  >\n\t\t\t\t<div class=\"col-inner\"  >\n\t\t\t\n\t\t\t\n\n\t<div id=\"gap-1398459487\" class=\"gap-element clearfix\" style=\"display:block; height:auto;\">\n\t\t\n<style>\n#gap-1398459487 {\n  padding-top: 25px;\n}\n<\/style>\n\t<\/div>\n\t\n\n\t<div class=\"img has-hover x md-x lg-x y md-y lg-y\" id=\"image_2051177212\">\n\t\t\t\t\t\t\t\t<div class=\"img-inner dark\" style=\"margin:75px 0px 0px 0px;\">\n\t\t\t<img loading=\"lazy\" decoding=\"async\" width=\"434\" height=\"613\" src=\"https:\/\/www.fdc-group.net\/new\/wp-content\/uploads\/2021\/03\/flecha.png\" class=\"attachment-large size-large\" alt=\"\" srcset=\"https:\/\/www.fdc-group.net\/new\/wp-content\/uploads\/2021\/03\/flecha.png 434w, https:\/\/www.fdc-group.net\/new\/wp-content\/uploads\/2021\/03\/flecha-212x300.png 212w\" sizes=\"auto, (max-width: 434px) 100vw, 434px\" \/>\t\t\t\t\t\t\n\t\t\t\t\t<\/div>\n\t\t\t\t\t\t\t\t\n<style>\n#image_2051177212 {\n  width: 50%;\n}\n@media (min-width:550px) {\n  #image_2051177212 {\n    width: 100%;\n  }\n}\n<\/style>\n\t<\/div>\n\t\n\n\n\t\t<\/div>\n\t\t\t\t\t<\/div>\n\n\t\n\n\t<div id=\"col-1366317499\" class=\"col medium-5 small-12 large-5\"  >\n\t\t\t\t<div class=\"col-inner text-left\"  >\n\t\t\t\n\t\t\t\n\n<p>\u00a0<\/p>\n<p><span style=\"font-size: 150%;\"><span style=\"color: #32485c;\"><strong>75<\/strong> <\/span>a\u00f1os de experiencia acumulada<\/span><\/p>\n<p><span style=\"font-size: 150%;\"><span style=\"color: #32485c;\"><strong>+400<\/strong><\/span> proyectos realizados<\/span><\/p>\n<p><span style=\"font-size: 150%;\"><span style=\"color: #32485c;\"><strong>+40<\/strong><\/span> clientes<\/span><\/p>\n<p><span style=\"font-size: 150%;\"><span style=\"color: #32485c;\"><strong>5<\/strong><\/span> continentes<\/span><\/p>\n<p><span style=\"font-size: 150%;\"><span style=\"color: #32485c;\"><strong>16<\/strong><\/span> pa\u00edses<\/span><\/p>\n\n\t\t<\/div>\n\t\t\t\t\t<\/div>\n\n\t\n\n<\/div>\n\n\t\t<\/div>\n\n\t\t\n<style>\n#section_1590957028 {\n  padding-top: 30px;\n  padding-bottom: 30px;\n}\n<\/style>\n\t<\/section>\n\t\n\t<div id=\"gap-1811534397\" class=\"gap-element clearfix\" style=\"display:block; height:auto;\">\n\t\t\n<style>\n#gap-1811534397 {\n  padding-top: 60px;\n}\n<\/style>\n\t<\/div>\n\t\n\n<h1 class=\"lead\" style=\"text-align: center;\">\u00bfQU\u00c9 NOS DIFERENCIA?<\/h1>\n\t<div id=\"gap-2003597197\" class=\"gap-element clearfix\" style=\"display:block; height:auto;\">\n\t\t\n<style>\n#gap-2003597197 {\n  padding-top: 60px;\n}\n<\/style>\n\t<\/div>\n\t\n\n<div class=\"row\"  id=\"row-1957030371\">\n\n\n\t<div id=\"col-489525774\" class=\"col medium-4 small-12 large-4\"  >\n\t\t\t\t<div class=\"col-inner\"  >\n\t\t\t\n\t\t\t\n\n\t<div class=\"box has-hover   has-hover box-default box-text-bottom\" >\n\n\t\t<div class=\"box-image\" style=\"width:50%;\">\n\t\t\t<a href=\"http:\/\/ingenieria-petroleo\" >\t\t\t<div class=\"image-fade-in\" >\n\t\t\t\t<img loading=\"lazy\" decoding=\"async\" width=\"275\" height=\"304\" src=\"https:\/\/www.fdc-group.net\/new\/wp-content\/uploads\/2021\/03\/diferencia1-e1615673113742.png\" class=\"attachment- size-\" alt=\"\" \/>\t\t\t\t\t\t\t\t\t\t\t<\/div>\n\t\t\t<\/a>\t\t<\/div>\n\n\t\t<div class=\"box-text show-on-hover hover-bounce text-center\" >\n\t\t\t<div class=\"box-text-inner\">\n\t\t\t\t\n\n<h2 style=\"text-align: center;\" data-line-height=\"l\" data-padding=\"20px\"><strong>Modelos precisos<\/strong><br \/><strong>que aseguran<\/strong><br \/><strong>resultados<\/strong><br \/><strong>confiables<\/strong><\/h2>\n\n\t\t\t<\/div>\n\t\t<\/div>\n\t<\/div>\n\t\n\n\t\t<\/div>\n\t\t\t\t\t<\/div>\n\n\t\n\n\t<div id=\"col-457670213\" class=\"col medium-4 small-12 large-4\"  >\n\t\t\t\t<div class=\"col-inner\"  >\n\t\t\t\n\t\t\t\n\n\t<div class=\"box has-hover   has-hover box-default box-text-bottom\" >\n\n\t\t<div class=\"box-image\" style=\"width:50%;\">\n\t\t\t<a href=\"http:\/\/laboratorio\" >\t\t\t<div class=\"image-fade-in\" >\n\t\t\t\t<img loading=\"lazy\" decoding=\"async\" width=\"583\" height=\"591\" src=\"https:\/\/www.fdc-group.net\/new\/wp-content\/uploads\/2021\/03\/diferencia2.png\" class=\"attachment- size-\" alt=\"\" srcset=\"https:\/\/www.fdc-group.net\/new\/wp-content\/uploads\/2021\/03\/diferencia2.png 583w, https:\/\/www.fdc-group.net\/new\/wp-content\/uploads\/2021\/03\/diferencia2-296x300.png 296w\" sizes=\"auto, (max-width: 583px) 100vw, 583px\" \/>\t\t\t\t\t\t\t\t\t\t\t<\/div>\n\t\t\t<\/a>\t\t<\/div>\n\n\t\t<div class=\"box-text show-on-hover hover-bounce text-center\" >\n\t\t\t<div class=\"box-text-inner\">\n\t\t\t\t\n\n<h2 style=\"text-align: center;\"><strong>Laboratorio con celda<\/strong><br \/><strong>PVT de \u00faltima<\/strong><br \/><strong>tecnolog\u00eda <\/strong><\/h2>\n\n\t\t\t<\/div>\n\t\t<\/div>\n\t<\/div>\n\t\n\n\t\t<\/div>\n\t\t\t\t\t<\/div>\n\n\t\n\n\t<div id=\"col-1698279869\" class=\"col medium-4 small-12 large-4\"  >\n\t\t\t\t<div class=\"col-inner\"  >\n\t\t\t\n\t\t\t\n\n\t<div class=\"box has-hover   has-hover box-default box-text-bottom\" >\n\n\t\t<div class=\"box-image\" style=\"width:50%;\">\n\t\t\t<a href=\"http:\/\/software\" >\t\t\t<div class=\"image-fade-in\" >\n\t\t\t\t<img loading=\"lazy\" decoding=\"async\" width=\"753\" height=\"622\" src=\"https:\/\/www.fdc-group.net\/new\/wp-content\/uploads\/2021\/03\/diferencia3-e1615672513265.png\" class=\"attachment- size-\" alt=\"\" srcset=\"https:\/\/www.fdc-group.net\/new\/wp-content\/uploads\/2021\/03\/diferencia3-e1615672513265.png 753w, https:\/\/www.fdc-group.net\/new\/wp-content\/uploads\/2021\/03\/diferencia3-e1615672513265-300x248.png 300w\" sizes=\"auto, (max-width: 753px) 100vw, 753px\" \/>\t\t\t\t\t\t\t\t\t\t\t<\/div>\n\t\t\t<\/a>\t\t<\/div>\n\n\t\t<div class=\"box-text show-on-hover hover-bounce text-center\" >\n\t\t\t<div class=\"box-text-inner\">\n\t\t\t\t\n\n<h2 style=\"text-align: center;\"><strong>Alianza estrat\u00e9gica<\/strong><br \/><strong>con <span style=\"color: #32485c;\"><a style=\"color: #32485c;\" href=\"https:\/\/www.kappaeng.com\/\"><em>Kappa<\/em><\/a><\/span>,<\/strong><br \/><strong>empresa l\u00edder en<\/strong><br \/><strong>software de<\/strong><br \/><strong>ingenier\u00eda de<\/strong><br \/><strong>petr\u00f3leo<\/strong><\/h2>\n\n\t\t\t<\/div>\n\t\t<\/div>\n\t<\/div>\n\t\n\n\t\t<\/div>\n\t\t\t\t\t<\/div>\n\n\t\n\n<\/div>\n\t<div id=\"gap-1537844716\" class=\"gap-element clearfix\" style=\"display:block; height:auto;\">\n\t\t\n<style>\n#gap-1537844716 {\n  padding-top: 60px;\n}\n<\/style>\n\t<\/div>\n\t\n\n<h2 class=\"uppercase\" style=\"text-align: center;\"><span style=\"color: #32485c;\">Clientes<\/span><\/h2>\n<p><img loading=\"lazy\" decoding=\"async\" class=\"aligncenter wp-image-2795\" src=\"https:\/\/www.fdc-group.net\/new\/wp-content\/uploads\/2021\/01\/Clientes.jpg\" alt=\"\" width=\"780\" height=\"724\" srcset=\"https:\/\/www.fdc-group.net\/new\/wp-content\/uploads\/2021\/01\/Clientes.jpg 567w, https:\/\/www.fdc-group.net\/new\/wp-content\/uploads\/2021\/01\/Clientes-300x278.jpg 300w\" sizes=\"auto, (max-width: 780px) 100vw, 780px\" \/><\/p>\n<div class=\"text-center\"><div class=\"is-divider divider clearfix\" style=\"margin-top:2.0em;margin-bottom:2.0em;max-width:600px;height:2px;background-color:rgb(11, 11, 11);\"><\/div><\/div>\n\n<div class=\"row\"  id=\"row-2039855088\">\n\n\n\t<div id=\"col-1984564518\" class=\"col medium-1 small-12 large-1\"  >\n\t\t\t\t<div class=\"col-inner\"  >\n\t\t\t\n\t\t\t\n\n\n\t\t<\/div>\n\t\t\t\t\t<\/div>\n\n\t\n\n\t<div id=\"col-1666617839\" class=\"col medium-10 small-12 large-10\"  >\n\t\t\t\t<div class=\"col-inner\"  >\n\t\t\t\n\t\t\t\n\n<p style=\"text-align: center;\"><span style=\"font-size: 130%;\">A medida que el petr\u00f3leo convencional se vuelve escaso, los nuevos descubrimientos aportan fluidos m\u00e1s profundos, calientes y cr\u00edticos.<\/span><\/p>\n<p style=\"text-align: center;\"><span style=\"font-size: 130%;\"><strong>Entender el comportamiento de los fluidos se ha vuelto imprescindible<\/strong> para tomar decisiones econ\u00f3micas sobre un desarrollo, especialmente en el No Convencional. Una incorrecta caracterizaci\u00f3n de los fluidos puede llevar a resultados econ\u00f3micos negativos.&nbsp;<\/span><\/p>\n<p style=\"text-align: center;\"><span style=\"font-size: 130%;\">Por ello, <strong>simulamos, caracterizamos y calculamos los fluidos con el know-how m\u00e1s extenso y el laboratorio m\u00e1s moderno.<\/strong><\/span><\/p>\n\n\t\t<\/div>\n\t\t\t\t\t<\/div>\n\n\t\n\n\t<div id=\"col-275085898\" class=\"col medium-1 small-12 large-1\"  >\n\t\t\t\t<div class=\"col-inner\"  >\n\t\t\t\n\t\t\t\n\n\n\t\t<\/div>\n\t\t\t\t\t<\/div>\n\n\t\n\n<\/div>\n\n","protected":false},"excerpt":{"rendered":"<p>Nuestros Servicios \u00bfQU\u00c9 NOS DIFERENCIA? Clientes<\/p>\n","protected":false},"author":3,"featured_media":0,"parent":0,"menu_order":0,"comment_status":"closed","ping_status":"closed","template":"page-blank.php","meta":{"footnotes":""},"class_list":["post-2632","page","type-page","status-publish","hentry"],"_links":{"self":[{"href":"https:\/\/www.fdc-group.net\/new\/wp-json\/wp\/v2\/pages\/2632","targetHints":{"allow":["GET"]}}],"collection":[{"href":"https:\/\/www.fdc-group.net\/new\/wp-json\/wp\/v2\/pages"}],"about":[{"href":"https:\/\/www.fdc-group.net\/new\/wp-json\/wp\/v2\/types\/page"}],"author":[{"embeddable":true,"href":"https:\/\/www.fdc-group.net\/new\/wp-json\/wp\/v2\/users\/3"}],"replies":[{"embeddable":true,"href":"https:\/\/www.fdc-group.net\/new\/wp-json\/wp\/v2\/comments?post=2632"}],"version-history":[{"count":10,"href":"https:\/\/www.fdc-group.net\/new\/wp-json\/wp\/v2\/pages\/2632\/revisions"}],"predecessor-version":[{"id":3613,"href":"https:\/\/www.fdc-group.net\/new\/wp-json\/wp\/v2\/pages\/2632\/revisions\/3613"}],"wp:attachment":[{"href":"https:\/\/www.fdc-group.net\/new\/wp-json\/wp\/v2\/media?parent=2632"}],"curies":[{"name":"wp","href":"https:\/\/api.w.org\/{rel}","templated":true}]}}