{"id":2637,"date":"2021-01-29T23:56:56","date_gmt":"2021-01-29T23:56:56","guid":{"rendered":"https:\/\/www.fdc-group.net\/new\/?page_id=2637"},"modified":"2024-03-07T21:13:41","modified_gmt":"2024-03-07T21:13:41","slug":"institucional","status":"publish","type":"page","link":"https:\/\/www.fdc-group.net\/new\/institucional\/","title":{"rendered":"Institucional"},"content":{"rendered":"\n<h1 class=\"uppercase\">\u00a0<\/h1>\n<h1 class=\"uppercase\" style=\"text-align: center;\"><span style=\"color: #32485c;\">Institucional<\/span><\/h1>\n<p>\u00a0<\/p>\n\t<div class=\"img has-hover x md-x lg-x y md-y lg-y\" id=\"image_122047329\">\n\t\t\t\t\t\t\t\t<div class=\"img-inner dark\" >\n\t\t\t<img loading=\"lazy\" decoding=\"async\" width=\"1020\" height=\"765\" src=\"https:\/\/www.fdc-group.net\/new\/wp-content\/uploads\/2021\/03\/institucional-1024x768.jpeg\" class=\"attachment-large size-large\" alt=\"\" srcset=\"https:\/\/www.fdc-group.net\/new\/wp-content\/uploads\/2021\/03\/institucional-1024x768.jpeg 1024w, https:\/\/www.fdc-group.net\/new\/wp-content\/uploads\/2021\/03\/institucional-300x225.jpeg 300w, https:\/\/www.fdc-group.net\/new\/wp-content\/uploads\/2021\/03\/institucional-768x576.jpeg 768w, https:\/\/www.fdc-group.net\/new\/wp-content\/uploads\/2021\/03\/institucional-1536x1152.jpeg 1536w, https:\/\/www.fdc-group.net\/new\/wp-content\/uploads\/2021\/03\/institucional-2048x1536.jpeg 2048w\" sizes=\"auto, (max-width: 1020px) 100vw, 1020px\" \/>\t\t\t\t\t\t\n\t\t\t\t\t<\/div>\n\t\t\t\t\t\t\t\t\n<style>\n#image_122047329 {\n  width: 100%;\n}\n<\/style>\n\t<\/div>\n\t\n\n\t<div id=\"gap-1309700505\" class=\"gap-element clearfix\" style=\"display:block; height:auto;\">\n\t\t\n<style>\n#gap-1309700505 {\n  padding-top: 60px;\n}\n<\/style>\n\t<\/div>\n\t\n\n<div class=\"row\"  id=\"row-745825112\">\n\n\n\t<div id=\"col-1245807691\" class=\"col medium-1 small-12 large-1\"  >\n\t\t\t\t<div class=\"col-inner\"  >\n\t\t\t\n\t\t\t\n\n\n\t\t<\/div>\n\t\t\t\t\t<\/div>\n\n\t\n\n\t<div id=\"col-1743673685\" class=\"col medium-10 small-12 large-10\"  >\n\t\t\t\t<div class=\"col-inner\"  >\n\t\t\t\n\t\t\t\n\n<h2 class=\"uppercase\" style=\"text-align: center;\"><span style=\"color: #32485c;\">Prop\u00f3sito<\/span><\/h2>\n<h3 style=\"text-align: center;\" data-padding=\"20px\"><span style=\"font-size: 100%;\" data-line-height=\"l\">Nuestra misi\u00f3n es brindar soluciones de excelencia a nuestros clientes para maximizar su producci\u00f3n.<\/span><\/h3>\n<h3 style=\"text-align: center;\" data-padding=\"5px\"><span style=\"font-size: 100%;\" data-line-height=\"xl\">Guiamos a las empresas combinando m\u00e1s de 50 a\u00f1os de experiencia con conocimientos <\/span><span style=\"font-size: 100%;\" data-line-height=\"l\">de vanguardia, que se ven potenciados por la tecnolog\u00eda m\u00e1s sofisticada y moderna en <\/span><span style=\"font-size: 100%;\" data-line-height=\"l\">laboratorio PVT y software de reservorios.<\/span><\/h3>\n\t<div id=\"gap-229076695\" class=\"gap-element clearfix\" style=\"display:block; height:auto;\">\n\t\t\n<style>\n#gap-229076695 {\n  padding-top: 60px;\n}\n<\/style>\n\t<\/div>\n\t\n\n<h2 style=\"text-align: center;\"><span style=\"color: #32485c;\">NUESTRA HISTORIA<\/span><\/h2>\n<h3 style=\"text-align: center;\" data-line-height=\"xl\">Field Development Consultants fue fundada en el a\u00f1o 2003 por Carlos Gilardone y Carlos Canel. Su primer proyecto consisti\u00f3 en optimizar los campos petroleros de la empresa ENAP (Chile). Ambos ingenieros decidieron combinar su amplia experiencia en reservorios y producci\u00f3n para superar este desaf\u00edo.<\/h3>\n<h3 style=\"text-align: center;\" data-line-height=\"xl\">A partir de su \u00e9xito, continuaron trabajando en campos de gas y petr\u00f3leo a lo largo del continente americano, desde Texas (USA) hasta Tierra Del Fuego (Argentina), e incluso lideraron proyectos en el Norte de \u00c1frica y Turkmenist\u00e1n. Este proceso de crecimiento se consolid\u00f3 con el establecimiento de las oficinas centrales en Buenos Aires (Argentina) y sus dos subsidiarias en Chile(FDC-K de Chile SPA y FDC de Chile Ltda.).<\/h3>\n<h3 style=\"text-align: center;\" data-line-height=\"xl\">En el a\u00f1o 2018, FDC afianz\u00f3 su alianza de m\u00e1s de 20 a\u00f1os con la empresa l\u00edder en software petrolero <a href=\"https:\/\/www.kappaeng.com\/\"><strong><em><span style=\"color: #32485c;\">Kappa<\/span><\/em><\/strong><\/a>, la cual adquiri\u00f3 el 50% del capital accionario.<\/h3>\n\n\t\t<\/div>\n\t\t\t\t\t<\/div>\n\n\t\n\n\t<div id=\"col-965191377\" class=\"col medium-1 small-12 large-1\"  >\n\t\t\t\t<div class=\"col-inner\"  >\n\t\t\t\n\t\t\t\n\n\n\t\t<\/div>\n\t\t\t\t\t<\/div>\n\n\t\n\n<\/div>\n\n","protected":false},"excerpt":{"rendered":"<p>\u00a0 Institucional \u00a0<\/p>\n","protected":false},"author":3,"featured_media":0,"parent":0,"menu_order":0,"comment_status":"closed","ping_status":"closed","template":"page-blank.php","meta":{"footnotes":""},"class_list":["post-2637","page","type-page","status-publish","hentry"],"_links":{"self":[{"href":"https:\/\/www.fdc-group.net\/new\/wp-json\/wp\/v2\/pages\/2637","targetHints":{"allow":["GET"]}}],"collection":[{"href":"https:\/\/www.fdc-group.net\/new\/wp-json\/wp\/v2\/pages"}],"about":[{"href":"https:\/\/www.fdc-group.net\/new\/wp-json\/wp\/v2\/types\/page"}],"author":[{"embeddable":true,"href":"https:\/\/www.fdc-group.net\/new\/wp-json\/wp\/v2\/users\/3"}],"replies":[{"embeddable":true,"href":"https:\/\/www.fdc-group.net\/new\/wp-json\/wp\/v2\/comments?post=2637"}],"version-history":[{"count":10,"href":"https:\/\/www.fdc-group.net\/new\/wp-json\/wp\/v2\/pages\/2637\/revisions"}],"predecessor-version":[{"id":3531,"href":"https:\/\/www.fdc-group.net\/new\/wp-json\/wp\/v2\/pages\/2637\/revisions\/3531"}],"wp:attachment":[{"href":"https:\/\/www.fdc-group.net\/new\/wp-json\/wp\/v2\/media?parent=2637"}],"curies":[{"name":"wp","href":"https:\/\/api.w.org\/{rel}","templated":true}]}}