{"id":2657,"date":"2021-01-30T00:54:11","date_gmt":"2021-01-30T00:54:11","guid":{"rendered":"https:\/\/www.fdc-group.net\/new\/?page_id=2657"},"modified":"2024-03-12T04:01:04","modified_gmt":"2024-03-12T04:01:04","slug":"reportes","status":"publish","type":"page","link":"https:\/\/www.fdc-group.net\/new\/reportes\/","title":{"rendered":"Reportes"},"content":{"rendered":"\n<h1>\u00a0<\/h1>\n<h1 class=\"uppercase\" style=\"text-align: center;\"><span style=\"color: #32485c;\">Plataforma &amp; Reportes<\/span><\/h1>\n<p>\u00a0<\/p>\n\t<div class=\"img has-hover x md-x lg-x y md-y lg-y\" id=\"image_1329940449\">\n\t\t\t\t\t\t\t\t<div class=\"img-inner dark\" style=\"margin:-80px 0px -100px 0px;\">\n\t\t\t<img loading=\"lazy\" decoding=\"async\" width=\"1020\" height=\"731\" src=\"https:\/\/www.fdc-group.net\/new\/wp-content\/uploads\/2021\/05\/6-1024x734.png\" class=\"attachment-large size-large\" alt=\"\" srcset=\"https:\/\/www.fdc-group.net\/new\/wp-content\/uploads\/2021\/05\/6-1024x734.png 1024w, https:\/\/www.fdc-group.net\/new\/wp-content\/uploads\/2021\/05\/6-300x215.png 300w, https:\/\/www.fdc-group.net\/new\/wp-content\/uploads\/2021\/05\/6-768x550.png 768w, https:\/\/www.fdc-group.net\/new\/wp-content\/uploads\/2021\/05\/6-1536x1101.png 1536w, https:\/\/www.fdc-group.net\/new\/wp-content\/uploads\/2021\/05\/6-2048x1467.png 2048w\" sizes=\"auto, (max-width: 1020px) 100vw, 1020px\" \/>\t\t\t\t\t\t\n\t\t\t\t\t<\/div>\n\t\t\t\t\t\t\t\t\n<style>\n#image_1329940449 {\n  width: 100%;\n}\n<\/style>\n\t<\/div>\n\t\n\n<h3 class=\"uppercase\" style=\"text-align: center;\"><span style=\"color: #32485c;\">Plataforma de an\u00e1lisis de la producci\u00f3n<\/span><\/h3>\n<h3 class=\"uppercase\" style=\"text-align: center;\"><span style=\"color: #32485c;\"> no convencional de la argentina<\/span><\/h3>\n<div class=\"row\"  id=\"row-492418548\">\n\n\n\t<div id=\"col-838636145\" class=\"col medium-2 small-12 large-2\"  >\n\t\t\t\t<div class=\"col-inner\"  >\n\t\t\t\n\t\t\t\n\n\n\t\t<\/div>\n\t\t\t\t\t<\/div>\n\n\t\n\n\t<div id=\"col-1989850366\" class=\"col medium-8 small-12 large-8\"  >\n\t\t\t\t<div class=\"col-inner\"  >\n\t\t\t\n\t\t\t\n\n\t<div class=\"img has-hover x md-x lg-x y md-y lg-y\" id=\"image_1434221388\">\n\t\t\t\t\t\t\t\t<div class=\"img-inner dark\" >\n\t\t\t<img loading=\"lazy\" decoding=\"async\" width=\"1020\" height=\"731\" src=\"https:\/\/www.fdc-group.net\/new\/wp-content\/uploads\/2021\/05\/3-1024x734.png\" class=\"attachment-large size-large\" alt=\"\" srcset=\"https:\/\/www.fdc-group.net\/new\/wp-content\/uploads\/2021\/05\/3-1024x734.png 1024w, https:\/\/www.fdc-group.net\/new\/wp-content\/uploads\/2021\/05\/3-300x215.png 300w, https:\/\/www.fdc-group.net\/new\/wp-content\/uploads\/2021\/05\/3-768x550.png 768w, https:\/\/www.fdc-group.net\/new\/wp-content\/uploads\/2021\/05\/3-1536x1101.png 1536w, https:\/\/www.fdc-group.net\/new\/wp-content\/uploads\/2021\/05\/3-2048x1467.png 2048w\" sizes=\"auto, (max-width: 1020px) 100vw, 1020px\" \/>\t\t\t\t\t\t\n\t\t\t\t\t<\/div>\n\t\t\t\t\t\t\t\t\n<style>\n#image_1434221388 {\n  width: 100%;\n}\n<\/style>\n\t<\/div>\n\t\n\n\n\t\t<\/div>\n\t\t\t\t\t<\/div>\n\n\t\n\n\t<div id=\"col-202847265\" class=\"col medium-2 small-12 large-2\"  >\n\t\t\t\t<div class=\"col-inner\"  >\n\t\t\t\n\t\t\t\n\n\n\t\t<\/div>\n\t\t\t\t\t<\/div>\n\n\t\n\n<\/div>\n<div class=\"row\"  id=\"row-2133386798\">\n\n\n\t<div id=\"col-962608029\" class=\"col medium-4 small-12 large-4\"  >\n\t\t\t\t<div class=\"col-inner\"  >\n\t\t\t\n\t\t\t\n\n\n\t\t<\/div>\n\t\t\t\t\t<\/div>\n\n\t\n\n\t<div id=\"col-1769456901\" class=\"col medium-4 small-12 large-4\"  >\n\t\t\t\t<div class=\"col-inner\"  >\n\t\t\t\n\t\t\t\n\n\t<div class=\"img has-hover x md-x lg-x y md-y lg-y\" id=\"image_651759740\">\n\t\t\t\t\t\t\t\t<div class=\"img-inner dark\" >\n\t\t\t<img loading=\"lazy\" decoding=\"async\" width=\"1020\" height=\"341\" src=\"https:\/\/www.fdc-group.net\/new\/wp-content\/uploads\/2021\/05\/10-e1621307090695-1024x342.png\" class=\"attachment-large size-large\" alt=\"\" srcset=\"https:\/\/www.fdc-group.net\/new\/wp-content\/uploads\/2021\/05\/10-e1621307090695-1024x342.png 1024w, https:\/\/www.fdc-group.net\/new\/wp-content\/uploads\/2021\/05\/10-e1621307090695-300x100.png 300w, https:\/\/www.fdc-group.net\/new\/wp-content\/uploads\/2021\/05\/10-e1621307090695-768x257.png 768w, https:\/\/www.fdc-group.net\/new\/wp-content\/uploads\/2021\/05\/10-e1621307090695-1536x513.png 1536w, https:\/\/www.fdc-group.net\/new\/wp-content\/uploads\/2021\/05\/10-e1621307090695-2048x685.png 2048w\" sizes=\"auto, (max-width: 1020px) 100vw, 1020px\" \/>\t\t\t\t\t\t\n\t\t\t\t\t<\/div>\n\t\t\t\t\t\t\t\t\n<style>\n#image_651759740 {\n  width: 100%;\n}\n<\/style>\n\t<\/div>\n\t\n\n\n\t\t<\/div>\n\t\t\t\t\t<\/div>\n\n\t\n\n\t<div id=\"col-659782052\" class=\"col medium-4 small-12 large-4\"  >\n\t\t\t\t<div class=\"col-inner\"  >\n\t\t\t\n\t\t\t\n\n\n\t\t<\/div>\n\t\t\t\t\t<\/div>\n\n\t\n\n<\/div>\n<div class=\"row\"  id=\"row-1354001160\">\n\n\n\t<div id=\"col-1164092345\" class=\"col medium-1 small-6 large-1\"  >\n\t\t\t\t<div class=\"col-inner\"  >\n\t\t\t\n\t\t\t\n\n\n\t\t<\/div>\n\t\t\t\t\t<\/div>\n\n\t\n\n\t<div id=\"col-1891081314\" class=\"col medium-5 small-6 large-5\"  >\n\t\t\t\t<div class=\"col-inner\"  >\n\t\t\t\n\t\t\t\n\n<p style=\"text-align: center;\"><span style=\"color: #00aae7;\"><strong>OBJETIVO<\/strong><\/span><\/p>\n<p style=\"text-align: center;\">Desarrollamos una plataforma en la que se visualiza y correlaciona las principales variables que motorizan la perforaci\u00f3n de pozos en reservorios No Convencionales en el pa\u00eds.<\/p>\n<p style=\"text-align: center;\">Transforma los datos p\u00fablicos generados por las distintas operadoras en <strong>informaci\u00f3n valiosa para entender el comportamiento de los pozos perforados<\/strong> en Vaca Muerta y otros plays de la Argentina en los \u00faltimos a\u00f1os.<\/p>\n<p style=\"text-align: center;\">Es una herramienta <strong>fundamental para la toma de decisiones de nuestros clientes<\/strong>.<\/p>\n\n\t\t<\/div>\n\t\t\t\t\t<\/div>\n\n\t\n\n\t<div id=\"col-1583745223\" class=\"col medium-5 small-6 large-5\"  >\n\t\t\t\t<div class=\"col-inner\"  >\n\t\t\t\n\t\t\t\n\n<p style=\"text-align: center;\"><strong><span style=\"color: #00aae7;\">METODOLOG\u00cdA<\/span><\/strong><\/p>\n<p style=\"text-align: center;\">La plataforma de c\u00e1lculo de FDC es la <strong>\u00fanica que contiene los pron\u00f3sticos de producci\u00f3n de la totalidad de los pozos de Vaca Muerta<\/strong> (Horizontales y Verticales) y de las otras formaciones No Convencionales de la Argentina con casos P10, P50 y P90. Se puede <strong>visualizar los pron\u00f3sticos de los pozos petroleros con su relaci\u00f3n Gas-petr\u00f3leo asociado<\/strong>.<\/p>\n<p style=\"text-align: center;\">Con el an\u00e1lisis de la performance de los pozos y el \u00abPozo Tipo\u00bb calculado para todas las campa\u00f1as de perforaci\u00f3n, se <strong>puede realizar benchmarking, correlaciones y pron\u00f3sticos en base a modelos exclusivos<\/strong>.<\/p>\n\n\t\t<\/div>\n\t\t\t\t\t<\/div>\n\n\t\n\n\t<div id=\"col-1882259557\" class=\"col medium-1 small-6 large-1\"  >\n\t\t\t\t<div class=\"col-inner\"  >\n\t\t\t\n\t\t\t\n\n\n\t\t<\/div>\n\t\t\t\t\t<\/div>\n\n\t\n\n<\/div>\n<div class=\"row\"  id=\"row-139634154\">\n\n\n\t<div id=\"col-1079210676\" class=\"col medium-1 small-12 large-1\"  >\n\t\t\t\t<div class=\"col-inner\"  >\n\t\t\t\n\t\t\t\n\n\n\t\t<\/div>\n\t\t\t\t\t<\/div>\n\n\t\n\n\t<div id=\"col-974969319\" class=\"col medium-10 small-12 large-10\"  >\n\t\t\t\t<div class=\"col-inner\"  >\n\t\t\t\n\t\t\t\n\n<p style=\"text-align: center;\"><span style=\"font-size: 110%;\"><em>Permite realizar evaluaciones econ\u00f3micas de los pozos, lo que conduce a una mejor planificaci\u00f3n comercial y operativa<\/em><\/span><\/p>\n<p style=\"text-align: center;\"><a href=\"https:\/\/www.fdc-group.net\/new\/wp-content\/uploads\/2021\/06\/Abril-Brochure-para-Web-1.pdf\"><img loading=\"lazy\" decoding=\"async\" class=\"wp-image-3490 aligncenter\" src=\"https:\/\/www.fdc-group.net\/new\/wp-content\/uploads\/2021\/05\/2.png\" alt=\"\" width=\"117\" height=\"84\" srcset=\"https:\/\/www.fdc-group.net\/new\/wp-content\/uploads\/2021\/05\/2.png 2268w, https:\/\/www.fdc-group.net\/new\/wp-content\/uploads\/2021\/05\/2-300x215.png 300w, https:\/\/www.fdc-group.net\/new\/wp-content\/uploads\/2021\/05\/2-1024x734.png 1024w, https:\/\/www.fdc-group.net\/new\/wp-content\/uploads\/2021\/05\/2-768x550.png 768w, https:\/\/www.fdc-group.net\/new\/wp-content\/uploads\/2021\/05\/2-1536x1101.png 1536w, https:\/\/www.fdc-group.net\/new\/wp-content\/uploads\/2021\/05\/2-2048x1467.png 2048w\" sizes=\"auto, (max-width: 117px) 100vw, 117px\" \/>brochure detallado de la plataforma<\/a><\/p>\n\n\t\t<\/div>\n\t\t\t\t\t<\/div>\n\n\t\n\n\t<div id=\"col-2126801479\" class=\"col medium-1 small-12 large-1\"  >\n\t\t\t\t<div class=\"col-inner\"  >\n\t\t\t\n\t\t\t\n\n\n\t\t<\/div>\n\t\t\t\t\t<\/div>\n\n\t\n\n<\/div>\n<div class=\"row\"  id=\"row-803982166\">\n\n\n\t<div id=\"col-820387664\" class=\"col medium-2 small-12 large-2\"  >\n\t\t\t\t<div class=\"col-inner\"  >\n\t\t\t\n\t\t\t\n\n\n\t\t<\/div>\n\t\t\t\t\t<\/div>\n\n\t\n\n\t<div id=\"col-201162349\" class=\"col medium-8 small-12 large-8\"  >\n\t\t\t\t<div class=\"col-inner\"  >\n\t\t\t\n\t\t\t\n\n<p style=\"text-align: center;\">\u00a0<\/p>\n<div style=\"width: 1020px;\" class=\"wp-video\"><video class=\"wp-video-shortcode\" id=\"video-2657-1\" width=\"1020\" height=\"574\" preload=\"metadata\" controls=\"controls\"><source type=\"video\/mp4\" src=\"https:\/\/www.fdc-group.net\/new\/wp-content\/uploads\/2021\/06\/Demo-PBI-FDC-Junio21.mp4?_=1\" \/><a href=\"https:\/\/www.fdc-group.net\/new\/wp-content\/uploads\/2021\/06\/Demo-PBI-FDC-Junio21.mp4\">https:\/\/www.fdc-group.net\/new\/wp-content\/uploads\/2021\/06\/Demo-PBI-FDC-Junio21.mp4<\/a><\/video><\/div>\n<p style=\"text-align: center;\">\u00a0<\/p>\n\n\t\t<\/div>\n\t\t\t\t\t<\/div>\n\n\t\n\n\t<div id=\"col-822280681\" class=\"col medium-2 small-12 large-2\"  >\n\t\t\t\t<div class=\"col-inner\"  >\n\t\t\t\n\t\t\t\n\n\n\t\t<\/div>\n\t\t\t\t\t<\/div>\n\n\t\n\n<\/div>\n<h3 class=\"uppercase\" style=\"text-align: center;\"><span style=\"color: #32485c;\">Reportes<\/span><\/h3>\n<div class=\"row\"  id=\"row-2005901916\">\n\n\n\t<div id=\"col-1379624280\" class=\"col medium-2 small-6 large-2\"  >\n\t\t\t\t<div class=\"col-inner\"  >\n\t\t\t\n\t\t\t\n\n\n\t\t<\/div>\n\t\t\t\t\t<\/div>\n\n\t\n\n\t<div id=\"col-1476409443\" class=\"col medium-8 small-6 large-8\"  >\n\t\t\t\t<div class=\"col-inner\"  >\n\t\t\t\n\t\t\t\n\n<p style=\"text-align: center;\"><span style=\"color: #00aae7;\"><strong>OBJETIVO<\/strong><\/span><\/p>\n<p style=\"text-align: center;\">En base\u00a0 a la herramienta desarrollada en Power BI y Phyton, realizamos reportes mensuales y semestrales en los que analizamos t\u00e9cnica y detalladamente las principales variables de la producci\u00f3n de reservorios No Convencionales en el pa\u00eds.<\/p>\n\n\t\t<\/div>\n\t\t\t\t\t<\/div>\n\n\t\n\n\t<div id=\"col-856612573\" class=\"col medium-2 small-6 large-2\"  >\n\t\t\t\t<div class=\"col-inner\"  >\n\t\t\t\n\t\t\t\n\n\n\t\t<\/div>\n\t\t\t\t\t<\/div>\n\n\t\n\n<\/div>\n<div class=\"row\"  id=\"row-590725333\">\n\n\n\t<div id=\"col-869718632\" class=\"col medium-1 small-12 large-1\"  >\n\t\t\t\t<div class=\"col-inner\"  >\n\t\t\t\n\t\t\t\n\n\n\t\t<\/div>\n\t\t\t\t\t<\/div>\n\n\t\n\n\t<div id=\"col-669237548\" class=\"col medium-10 small-12 large-10\"  >\n\t\t\t\t<div class=\"col-inner\"  >\n\t\t\t\n\t\t\t\n\n<p><img loading=\"lazy\" decoding=\"async\" class=\"alignnone size-full wp-image-3621 aligncenter\" src=\"https:\/\/www.fdc-group.net\/new\/wp-content\/uploads\/2021\/06\/report.jpg\" alt=\"\" width=\"762\" height=\"581\" srcset=\"https:\/\/www.fdc-group.net\/new\/wp-content\/uploads\/2021\/06\/report.jpg 762w, https:\/\/www.fdc-group.net\/new\/wp-content\/uploads\/2021\/06\/report-300x229.jpg 300w\" sizes=\"auto, (max-width: 762px) 100vw, 762px\" \/><\/p>\n\n\t\t<\/div>\n\t\t\t\t\t<\/div>\n\n\t\n\n\t<div id=\"col-1150879790\" class=\"col medium-1 small-12 large-1\"  >\n\t\t\t\t<div class=\"col-inner\"  >\n\t\t\t\n\t\t\t\n\n\n\t\t<\/div>\n\t\t\t\t\t<\/div>\n\n\t\n\n<\/div>\n<div class=\"row\"  id=\"row-193829965\">\n\n\n\t<div id=\"col-95029484\" class=\"col medium-1 small-12 large-1\"  >\n\t\t\t\t<div class=\"col-inner\"  >\n\t\t\t\n\t\t\t\n\n\n\t\t<\/div>\n\t\t\t\t\t<\/div>\n\n\t\n\n\t<div id=\"col-1495120566\" class=\"col medium-10 small-12 large-10\"  >\n\t\t\t\t<div class=\"col-inner\"  >\n\t\t\t\n\t\t\t\n\n<p style=\"text-align: center;\"><a href=\"https:\/\/www.fdc-group.net\/new\/wp-content\/uploads\/2021\/06\/Report-FDC-UR-Mar2021-Final-EV-1.pdf\"><img loading=\"lazy\" decoding=\"async\" class=\"wp-image-3490 aligncenter\" src=\"https:\/\/www.fdc-group.net\/new\/wp-content\/uploads\/2021\/05\/2.png\" alt=\"\" width=\"117\" height=\"84\" srcset=\"https:\/\/www.fdc-group.net\/new\/wp-content\/uploads\/2021\/05\/2.png 2268w, https:\/\/www.fdc-group.net\/new\/wp-content\/uploads\/2021\/05\/2-300x215.png 300w, https:\/\/www.fdc-group.net\/new\/wp-content\/uploads\/2021\/05\/2-1024x734.png 1024w, https:\/\/www.fdc-group.net\/new\/wp-content\/uploads\/2021\/05\/2-768x550.png 768w, https:\/\/www.fdc-group.net\/new\/wp-content\/uploads\/2021\/05\/2-1536x1101.png 1536w, https:\/\/www.fdc-group.net\/new\/wp-content\/uploads\/2021\/05\/2-2048x1467.png 2048w\" sizes=\"auto, (max-width: 117px) 100vw, 117px\" \/><\/a><\/p>\n<p style=\"text-align: center;\">Reporte p\u00fablico Marzo 2021 sobre pozos petroleros de Vaca Muerta 2014 &#8211; 2020<\/p>\n\n\t\t<\/div>\n\t\t\t\t\t<\/div>\n\n\t\n\n\t<div id=\"col-373591263\" class=\"col medium-1 small-12 large-1\"  >\n\t\t\t\t<div class=\"col-inner\"  >\n\t\t\t\n\t\t\t\n\n\n\t\t<\/div>\n\t\t\t\t\t<\/div>\n\n\t\n\n<\/div>\n<div class=\"row\"  id=\"row-1066426226\">\n\n\n\t<div id=\"col-987662446\" class=\"col medium-1 small-12 large-1\"  >\n\t\t\t\t<div class=\"col-inner\"  >\n\t\t\t\n\t\t\t\n\n\n\t\t<\/div>\n\t\t\t\t\t<\/div>\n\n\t\n\n\t<div id=\"col-366775014\" class=\"col medium-10 small-12 large-10\"  >\n\t\t\t\t<div class=\"col-inner\"  >\n\t\t\t\n\t\t\t\n\n\t<div class=\"img has-hover x md-x lg-x y md-y lg-y\" id=\"image_1779308688\">\n\t\t\t\t\t\t\t\t<div class=\"img-inner dark\" >\n\t\t\t<img loading=\"lazy\" decoding=\"async\" width=\"1020\" height=\"731\" src=\"https:\/\/www.fdc-group.net\/new\/wp-content\/uploads\/2021\/05\/4-1024x734.png\" class=\"attachment-large size-large\" alt=\"\" srcset=\"https:\/\/www.fdc-group.net\/new\/wp-content\/uploads\/2021\/05\/4-1024x734.png 1024w, https:\/\/www.fdc-group.net\/new\/wp-content\/uploads\/2021\/05\/4-300x215.png 300w, https:\/\/www.fdc-group.net\/new\/wp-content\/uploads\/2021\/05\/4-768x550.png 768w, https:\/\/www.fdc-group.net\/new\/wp-content\/uploads\/2021\/05\/4-1536x1101.png 1536w, https:\/\/www.fdc-group.net\/new\/wp-content\/uploads\/2021\/05\/4-2048x1467.png 2048w\" sizes=\"auto, (max-width: 1020px) 100vw, 1020px\" \/>\t\t\t\t\t\t\n\t\t\t\t\t<\/div>\n\t\t\t\t\t\t\t\t\n<style>\n#image_1779308688 {\n  width: 100%;\n}\n<\/style>\n\t<\/div>\n\t\n\n\n\t\t<\/div>\n\t\t\t\t\t<\/div>\n\n\t\n\n\t<div id=\"col-866144071\" class=\"col medium-1 small-12 large-1\"  >\n\t\t\t\t<div class=\"col-inner\"  >\n\t\t\t\n\t\t\t\n\n\n\t\t<\/div>\n\t\t\t\t\t<\/div>\n\n\t\n\n<\/div>\n<div class=\"row\"  id=\"row-486914348\">\n\n\n\t<div id=\"col-365938762\" class=\"col medium-4 small-12 large-4\"  >\n\t\t\t\t<div class=\"col-inner\"  >\n\t\t\t\n\t\t\t\n\n\n\t\t<\/div>\n\t\t\t\t\t<\/div>\n\n\t\n\n\t<div id=\"col-2143592516\" class=\"col medium-4 small-12 large-4\"  >\n\t\t\t\t<div class=\"col-inner\"  >\n\t\t\t\n\t\t\t\n\n\t<div class=\"img has-hover x md-x lg-x y md-y lg-y\" id=\"image_1049719324\">\n\t\t<a class=\"\" href=\"http:\/\/contacto\" target=\"_blank\" rel=\"noopener\" >\t\t\t\t\t\t<div class=\"img-inner dark\" >\n\t\t\t<img loading=\"lazy\" decoding=\"async\" width=\"1020\" height=\"372\" src=\"https:\/\/www.fdc-group.net\/new\/wp-content\/uploads\/2021\/05\/5-e1621305844605-1024x373.png\" class=\"attachment-large size-large\" alt=\"\" srcset=\"https:\/\/www.fdc-group.net\/new\/wp-content\/uploads\/2021\/05\/5-e1621305844605-1024x373.png 1024w, https:\/\/www.fdc-group.net\/new\/wp-content\/uploads\/2021\/05\/5-e1621305844605-300x109.png 300w, https:\/\/www.fdc-group.net\/new\/wp-content\/uploads\/2021\/05\/5-e1621305844605-768x280.png 768w, https:\/\/www.fdc-group.net\/new\/wp-content\/uploads\/2021\/05\/5-e1621305844605-1536x560.png 1536w, https:\/\/www.fdc-group.net\/new\/wp-content\/uploads\/2021\/05\/5-e1621305844605-2048x747.png 2048w\" sizes=\"auto, (max-width: 1020px) 100vw, 1020px\" \/>\t\t\t\t\t\t\n\t\t\t\t\t<\/div>\n\t\t\t\t\t\t<\/a>\t\t\n<style>\n#image_1049719324 {\n  width: 100%;\n}\n<\/style>\n\t<\/div>\n\t\n\n\n\t\t<\/div>\n\t\t\t\t\t<\/div>\n\n\t\n\n\t<div id=\"col-1082780545\" class=\"col medium-4 small-12 large-4\"  >\n\t\t\t\t<div class=\"col-inner\"  >\n\t\t\t\n\t\t\t\n\n\n\t\t<\/div>\n\t\t\t\t\t<\/div>\n\n\t\n\n<\/div>\n<div class=\"text-center\"><div class=\"is-divider divider clearfix\" style=\"margin-top:0.1em;margin-bottom:0.1em;max-width:900px;height:4px;background-color:rgb(18, 55, 255);\"><\/div><\/div>\n\n<div class=\"text-center\"><div class=\"is-divider divider clearfix\" style=\"margin-top:0.1em;margin-bottom:0.1em;max-width:900px;height:4px;background-color:rgb(16, 177, 156);\"><\/div><\/div>\n\n<h3 style=\"text-align: center;\">ACCESO DE USUARIOS A LA PLATAFORMA <img loading=\"lazy\" decoding=\"async\" class=\"alignnonewp-image-3488\" src=\"https:\/\/www.fdc-group.net\/new\/wp-content\/uploads\/2021\/05\/10-e1621307090695.png\" alt=\"\" width=\"263\" height=\"88\" srcset=\"https:\/\/www.fdc-group.net\/new\/wp-content\/uploads\/2021\/05\/10-e1621307090695.png 2103w, https:\/\/www.fdc-group.net\/new\/wp-content\/uploads\/2021\/05\/10-e1621307090695-300x100.png 300w, https:\/\/www.fdc-group.net\/new\/wp-content\/uploads\/2021\/05\/10-e1621307090695-1024x342.png 1024w, https:\/\/www.fdc-group.net\/new\/wp-content\/uploads\/2021\/05\/10-e1621307090695-768x257.png 768w, https:\/\/www.fdc-group.net\/new\/wp-content\/uploads\/2021\/05\/10-e1621307090695-1536x513.png 1536w, https:\/\/www.fdc-group.net\/new\/wp-content\/uploads\/2021\/05\/10-e1621307090695-2048x685.png 2048w\" sizes=\"auto, (max-width: 263px) 100vw, 263px\" \/><\/h3>\n<div class=\"row\"  id=\"row-1912181051\">\n\n\n\t<div id=\"col-1090623126\" class=\"col medium-3 small-12 large-3\"  >\n\t\t\t\t<div class=\"col-inner\"  >\n\t\t\t\n\t\t\t\n\n\n\t\t<\/div>\n\t\t\t\t\t<\/div>\n\n\t\n\n\t<div id=\"col-661745405\" class=\"col medium-6 small-12 large-6\"  >\n\t\t\t\t<div class=\"col-inner\"  >\n\t\t\t\n\t\t\t\n\n<p><a href=\"https:\/\/www.fdc-group.net\/new\/reporte-estadisticas-vista\/\"><img loading=\"lazy\" decoding=\"async\" class=\"alignnone size-full wp-image-3650\" src=\"https:\/\/www.fdc-group.net\/new\/wp-content\/uploads\/2021\/06\/loginVista.png\" alt=\"\" width=\"2232\" height=\"759\" srcset=\"https:\/\/www.fdc-group.net\/new\/wp-content\/uploads\/2021\/06\/loginVista.png 2232w, https:\/\/www.fdc-group.net\/new\/wp-content\/uploads\/2021\/06\/loginVista-300x102.png 300w, https:\/\/www.fdc-group.net\/new\/wp-content\/uploads\/2021\/06\/loginVista-1024x348.png 1024w, https:\/\/www.fdc-group.net\/new\/wp-content\/uploads\/2021\/06\/loginVista-768x261.png 768w, https:\/\/www.fdc-group.net\/new\/wp-content\/uploads\/2021\/06\/loginVista-1536x522.png 1536w, https:\/\/www.fdc-group.net\/new\/wp-content\/uploads\/2021\/06\/loginVista-2048x696.png 2048w\" sizes=\"auto, (max-width: 2232px) 100vw, 2232px\" \/><\/a><\/p>\n\n\t\t<\/div>\n\t\t\t\t\t<\/div>\n\n\t\n\n\t<div id=\"col-161684142\" class=\"col medium-3 small-12 large-3\"  >\n\t\t\t\t<div class=\"col-inner\"  >\n\t\t\t\n\t\t\t\n\n\n\t\t<\/div>\n\t\t\t\t\t<\/div>\n\n\t\n\n<\/div>\n\n","protected":false},"excerpt":{"rendered":"<p>\u00a0 Plataforma &amp; Reportes \u00a0 Plataforma de an\u00e1lisis de la producci\u00f3n no convencional de la argentina Reportes ACCESO DE USUARIOS A LA PLATAFORMA<\/p>\n","protected":false},"author":3,"featured_media":0,"parent":0,"menu_order":0,"comment_status":"closed","ping_status":"closed","template":"page-blank.php","meta":{"footnotes":""},"class_list":["post-2657","page","type-page","status-publish","hentry"],"_links":{"self":[{"href":"https:\/\/www.fdc-group.net\/new\/wp-json\/wp\/v2\/pages\/2657","targetHints":{"allow":["GET"]}}],"collection":[{"href":"https:\/\/www.fdc-group.net\/new\/wp-json\/wp\/v2\/pages"}],"about":[{"href":"https:\/\/www.fdc-group.net\/new\/wp-json\/wp\/v2\/types\/page"}],"author":[{"embeddable":true,"href":"https:\/\/www.fdc-group.net\/new\/wp-json\/wp\/v2\/users\/3"}],"replies":[{"embeddable":true,"href":"https:\/\/www.fdc-group.net\/new\/wp-json\/wp\/v2\/comments?post=2657"}],"version-history":[{"count":10,"href":"https:\/\/www.fdc-group.net\/new\/wp-json\/wp\/v2\/pages\/2657\/revisions"}],"predecessor-version":[{"id":3654,"href":"https:\/\/www.fdc-group.net\/new\/wp-json\/wp\/v2\/pages\/2657\/revisions\/3654"}],"wp:attachment":[{"href":"https:\/\/www.fdc-group.net\/new\/wp-json\/wp\/v2\/media?parent=2657"}],"curies":[{"name":"wp","href":"https:\/\/api.w.org\/{rel}","templated":true}]}}