{"id":3283,"date":"2021-03-16T05:13:36","date_gmt":"2021-03-16T05:13:36","guid":{"rendered":"https:\/\/www.fdc-group.net\/new\/?page_id=3283"},"modified":"2024-03-12T04:02:38","modified_gmt":"2024-03-12T04:02:38","slug":"novedades","status":"publish","type":"page","link":"https:\/\/www.fdc-group.net\/new\/novedades\/","title":{"rendered":"Novedades"},"content":{"rendered":"\n<h2>&nbsp;<\/h2>\n<h2 style=\"text-align: center;\"><span style=\"color: #32485c;\">NOVEDADES<\/span><\/h2>\n<p>&nbsp;<\/p>\n\t<div class=\"img has-hover x md-x lg-x y md-y lg-y\" id=\"image_1195656235\">\n\t\t\t\t\t\t\t\t<div class=\"img-inner dark\" >\n\t\t\t<img loading=\"lazy\" decoding=\"async\" width=\"1020\" height=\"351\" src=\"https:\/\/www.fdc-group.net\/new\/wp-content\/uploads\/2021\/03\/novedades-y-eventos-1-1024x352.jpeg\" class=\"attachment-large size-large\" alt=\"\" srcset=\"https:\/\/www.fdc-group.net\/new\/wp-content\/uploads\/2021\/03\/novedades-y-eventos-1-1024x352.jpeg 1024w, https:\/\/www.fdc-group.net\/new\/wp-content\/uploads\/2021\/03\/novedades-y-eventos-1-300x103.jpeg 300w, https:\/\/www.fdc-group.net\/new\/wp-content\/uploads\/2021\/03\/novedades-y-eventos-1-768x264.jpeg 768w, https:\/\/www.fdc-group.net\/new\/wp-content\/uploads\/2021\/03\/novedades-y-eventos-1-1536x528.jpeg 1536w, https:\/\/www.fdc-group.net\/new\/wp-content\/uploads\/2021\/03\/novedades-y-eventos-1-2048x704.jpeg 2048w\" sizes=\"auto, (max-width: 1020px) 100vw, 1020px\" \/>\t\t\t\t\t\t\n\t\t\t\t\t<\/div>\n\t\t\t\t\t\t\t\t\n<style>\n#image_1195656235 {\n  width: 100%;\n}\n<\/style>\n\t<\/div>\n\t\n\n\t<div id=\"gap-895184716\" class=\"gap-element clearfix\" style=\"display:block; height:auto;\">\n\t\t\n<style>\n#gap-895184716 {\n  padding-top: 60px;\n}\n<\/style>\n\t<\/div>\n\t\n\n\n  \n    <div class=\"row large-columns-3 medium-columns- small-columns-1 row-full-width slider row-slider slider-nav-reveal slider-nav-push\"  data-flickity-options='{&quot;imagesLoaded&quot;: true, &quot;groupCells&quot;: &quot;100%&quot;, &quot;dragThreshold&quot; : 5, &quot;cellAlign&quot;: &quot;left&quot;,&quot;wrapAround&quot;: true,&quot;prevNextButtons&quot;: true,&quot;percentPosition&quot;: true,&quot;pageDots&quot;: true, &quot;rightToLeft&quot;: false, &quot;autoPlay&quot; : 5000}' >\n\n  <div class=\"col post-item\" data-animate=\"bounceIn\">\n\t\t\t<div class=\"col-inner\">\n\t\t\t\t<div class=\"box box-bounce box-text-bottom box-blog-post has-hover\">\n          \t\t\t\t\t<div class=\"box-text text-center\" >\n\t\t\t\t\t<div class=\"box-text-inner blog-post-inner\">\n\n\t\t\t\t\t\n\t\t\t\t\t\t\t\t\t\t<h5 class=\"post-title is-large \">\n\t\t\t\t\t\t<a href=\"https:\/\/www.fdc-group.net\/new\/2018\/05\/26\/compositional-characterization-of-fluids-based-on-eoss-from-reservoir-to-separation-plants\/\" class=\"plain\">Compositional Characterization of fluids based on EOS\u2019s: From reservoir to separation plants<\/a>\n\t\t\t\t\t<\/h5>\n\t\t\t\t\t<div class=\"post-meta is-small op-8\">mayo 26, 2018<\/div>\t\t\t\t\t<div class=\"is-divider\"><\/div>\n\t\t\t\t\t\t\t\t\t\t<p class=\"from_the_blog_excerpt \">\n\t\t\t\t\t\t&nbsp; &nbsp; http:\/\/equifase2018.congresos.unc.edu.ar\/\t\t\t\t\t<\/p>\n\t\t\t\t\t                    \n\t\t\t\t\t\n\t\t\t\t\t\n\t\t\t\t\t<\/div>\n\t\t\t\t\t<\/div>\n\t\t\t\t\t\t\t\t\t<\/div>\n\t\t\t<\/div>\n\t\t<\/div><div class=\"col post-item\" data-animate=\"bounceIn\">\n\t\t\t<div class=\"col-inner\">\n\t\t\t\t<div class=\"box box-bounce box-text-bottom box-blog-post has-hover\">\n            \t\t\t\t\t<div class=\"box-image\" >\n  \t\t\t\t\t\t<div class=\"image-cover\" style=\"padding-top:56%;\">\n\t\t\t\t\t\t\t<a href=\"https:\/\/www.fdc-group.net\/new\/2018\/03\/05\/presentacion-kappa-generacion-g5-fdc\/\" class=\"plain\" aria-label=\"\u201cPresentaci\u00f3n KAPPA Generaci\u00f3n (G5) \u2013 FDC\">\n\t\t\t\t\t\t\t\t\t\t\t\t\t\t\t<\/a>\n  \t\t\t\t\t\t\t  \t\t\t\t\t\t\t  \t\t\t\t\t\t<\/div>\n  \t\t\t\t\t\t  \t\t\t\t\t<\/div>\n          \t\t\t\t\t<div class=\"box-text text-center\" >\n\t\t\t\t\t<div class=\"box-text-inner blog-post-inner\">\n\n\t\t\t\t\t\n\t\t\t\t\t\t\t\t\t\t<h5 class=\"post-title is-large \">\n\t\t\t\t\t\t<a href=\"https:\/\/www.fdc-group.net\/new\/2018\/03\/05\/presentacion-kappa-generacion-g5-fdc\/\" class=\"plain\">\u201cPresentaci\u00f3n KAPPA Generaci\u00f3n (G5) \u2013 FDC<\/a>\n\t\t\t\t\t<\/h5>\n\t\t\t\t\t\t\t\t\t\t<div class=\"is-divider\"><\/div>\n\t\t\t\t\t\t\t\t\t\t<p class=\"from_the_blog_excerpt \">\n\t\t\t\t\t\tKAPPA Generation 5 (G5) software presentation in Buenos Aires, Neuqu\u00e9n, Santa Cruz and Lima KAPPA-Workstation is our new integrated G5 platform for Dynamic Data Analysis. Its first release in 2016 [...]\t\t\t\t\t<\/p>\n\t\t\t\t\t                    \n\t\t\t\t\t\n\t\t\t\t\t\n\t\t\t\t\t<\/div>\n\t\t\t\t\t<\/div>\n\t\t\t\t\t\t\t\t\t\t\t\t\t\t\t\t<div class=\"badge absolute top post-date badge-outline\">\n\t\t\t\t\t\t\t<div class=\"badge-inner\">\n\t\t\t\t\t\t\t\t<span class=\"post-date-day\">05<\/span><br>\n\t\t\t\t\t\t\t\t<span class=\"post-date-month is-xsmall\">Mar<\/span>\n\t\t\t\t\t\t\t<\/div>\n\t\t\t\t\t\t<\/div>\n\t\t\t\t\t\t\t\t\t<\/div>\n\t\t\t<\/div>\n\t\t<\/div><div class=\"col post-item\" data-animate=\"bounceIn\">\n\t\t\t<div class=\"col-inner\">\n\t\t\t\t<div class=\"box box-bounce box-text-bottom box-blog-post has-hover\">\n          \t\t\t\t\t<div class=\"box-text text-center\" >\n\t\t\t\t\t<div class=\"box-text-inner blog-post-inner\">\n\n\t\t\t\t\t\n\t\t\t\t\t\t\t\t\t\t<h5 class=\"post-title is-large \">\n\t\t\t\t\t\t<a href=\"https:\/\/www.fdc-group.net\/new\/2017\/05\/07\/spe-latin-america-caribbean-petroleum-engineering-conference\/\" class=\"plain\">SPE Latin America &#038; Caribbean Petroleum Engineering Conference<\/a>\n\t\t\t\t\t<\/h5>\n\t\t\t\t\t<div class=\"post-meta is-small op-8\">mayo 7, 2017<\/div>\t\t\t\t\t<div class=\"is-divider\"><\/div>\n\t\t\t\t\t\t\t\t\t\t<p class=\"from_the_blog_excerpt \">\n\t\t\t\t\t\t\t\t\t\t\t<\/p>\n\t\t\t\t\t                    \n\t\t\t\t\t\n\t\t\t\t\t\n\t\t\t\t\t<\/div>\n\t\t\t\t\t<\/div>\n\t\t\t\t\t\t\t\t\t<\/div>\n\t\t\t<\/div>\n\t\t<\/div><div class=\"col post-item\" data-animate=\"bounceIn\">\n\t\t\t<div class=\"col-inner\">\n\t\t\t\t<div class=\"box box-bounce box-text-bottom box-blog-post has-hover\">\n          \t\t\t\t\t<div class=\"box-text text-center\" >\n\t\t\t\t\t<div class=\"box-text-inner blog-post-inner\">\n\n\t\t\t\t\t\n\t\t\t\t\t\t\t\t\t\t<h5 class=\"post-title is-large \">\n\t\t\t\t\t\t<a href=\"https:\/\/www.fdc-group.net\/new\/2017\/04\/06\/fdc-junto-a-ipqa-unc-y-el-conicet-de-cordoba-participaron-de-equipetro-2017-en-brasil-salvador-bahia-del-22-al-24-de-marzo-de-2017\/\" class=\"plain\">FDC junto a IPQA, UNC y el CONICET de C\u00f3rdoba participaron de EquiPetro 2017 en Brasil (Salvador-Bahia) del 22 al 24 de Marzo de 2017<\/a>\n\t\t\t\t\t<\/h5>\n\t\t\t\t\t<div class=\"post-meta is-small op-8\">abril 6, 2017<\/div>\t\t\t\t\t<div class=\"is-divider\"><\/div>\n\t\t\t\t\t\t\t\t\t\t<p class=\"from_the_blog_excerpt \">\n\t\t\t\t\t\tDurante el 22 al 24 de Marzo de 2017 presentamos en EquiPetro 2017 Brasil (Salvador &#8211; Bahia) I Encuentro sobre Equilibrio de Fases en Petr\u00f3leo. Presentamos un trabajo en la [...]\t\t\t\t\t<\/p>\n\t\t\t\t\t                    \n\t\t\t\t\t\n\t\t\t\t\t\n\t\t\t\t\t<\/div>\n\t\t\t\t\t<\/div>\n\t\t\t\t\t\t\t\t\t<\/div>\n\t\t\t<\/div>\n\t\t<\/div><div class=\"col post-item\" data-animate=\"bounceIn\">\n\t\t\t<div class=\"col-inner\">\n\t\t\t\t<div class=\"box box-bounce box-text-bottom box-blog-post has-hover\">\n          \t\t\t\t\t<div class=\"box-text text-center\" >\n\t\t\t\t\t<div class=\"box-text-inner blog-post-inner\">\n\n\t\t\t\t\t\n\t\t\t\t\t\t\t\t\t\t<h5 class=\"post-title is-large \">\n\t\t\t\t\t\t<a href=\"https:\/\/www.fdc-group.net\/new\/2015\/11\/29\/fdc-junto-a-ipqa-unc-y-el-conicet-de-cordoba-participaron-del-cbterm-en-brasil-del-16-al-20-de-noviembre-de-2015\/\" class=\"plain\">FDC junto a IPQA, UNC y el CONICET de C\u00f3rdoba participaron del CBTERM en Brasil del 16 al 20 de Noviembre de 2015.<\/a>\n\t\t\t\t\t<\/h5>\n\t\t\t\t\t<div class=\"post-meta is-small op-8\">noviembre 29, 2015<\/div>\t\t\t\t\t<div class=\"is-divider\"><\/div>\n\t\t\t\t\t\t\t\t\t\t<p class=\"from_the_blog_excerpt \">\n\t\t\t\t\t\tDurante el 16 al 20 de Noviembre de 2015 presentamos en el VIII Congresso Brasileiro de Termodin\u00e2mica Aplicada-IV Escola de Termodin\u00e2mica en Aracaju , Sergipe \u2013 Brasil. Presentamos un trabajo [...]\t\t\t\t\t<\/p>\n\t\t\t\t\t                    \n\t\t\t\t\t\n\t\t\t\t\t\n\t\t\t\t\t<\/div>\n\t\t\t\t\t<\/div>\n\t\t\t\t\t\t\t\t\t<\/div>\n\t\t\t<\/div>\n\t\t<\/div><div class=\"col post-item\" data-animate=\"bounceIn\">\n\t\t\t<div class=\"col-inner\">\n\t\t\t\t<div class=\"box box-bounce box-text-bottom box-blog-post has-hover\">\n          \t\t\t\t\t<div class=\"box-text text-center\" >\n\t\t\t\t\t<div class=\"box-text-inner blog-post-inner\">\n\n\t\t\t\t\t\n\t\t\t\t\t\t\t\t\t\t<h5 class=\"post-title is-large \">\n\t\t\t\t\t\t<a href=\"https:\/\/www.fdc-group.net\/new\/2014\/06\/10\/spe-neuquen-2014-espacio-duam-congreso-de-exploracion-y-desarrollo-de-recursos-convencionales\/\" class=\"plain\">SPE Neuqu\u00e9n 2014, Espacio DUAM &#8211; Congreso de Exploraci\u00f3n y Desarrollo de Recursos No Convencionales.<\/a>\n\t\t\t\t\t<\/h5>\n\t\t\t\t\t<div class=\"post-meta is-small op-8\">junio 10, 2014<\/div>\t\t\t\t\t<div class=\"is-divider\"><\/div>\n\t\t\t\t\t\t\t\t\t\t<p class=\"from_the_blog_excerpt \">\n\t\t\t\t\t\tF.D.C. de Argentina participar\u00e1 en el SPE Neuqu\u00e9n 2014 a realizarse en el Espacio DUAM &#8211; Congreso de Exploraci\u00f3n y Desarrollo de Recursos No Convencionales., durante los d\u00edas 10 a [...]\t\t\t\t\t<\/p>\n\t\t\t\t\t                    \n\t\t\t\t\t\n\t\t\t\t\t\n\t\t\t\t\t<\/div>\n\t\t\t\t\t<\/div>\n\t\t\t\t\t\t\t\t\t<\/div>\n\t\t\t<\/div>\n\t\t<\/div><\/div>\n\n\n","protected":false},"excerpt":{"rendered":"<p>&nbsp; NOVEDADES &nbsp;<\/p>\n","protected":false},"author":3,"featured_media":0,"parent":0,"menu_order":0,"comment_status":"closed","ping_status":"closed","template":"","meta":{"footnotes":""},"class_list":["post-3283","page","type-page","status-publish","hentry"],"_links":{"self":[{"href":"https:\/\/www.fdc-group.net\/new\/wp-json\/wp\/v2\/pages\/3283","targetHints":{"allow":["GET"]}}],"collection":[{"href":"https:\/\/www.fdc-group.net\/new\/wp-json\/wp\/v2\/pages"}],"about":[{"href":"https:\/\/www.fdc-group.net\/new\/wp-json\/wp\/v2\/types\/page"}],"author":[{"embeddable":true,"href":"https:\/\/www.fdc-group.net\/new\/wp-json\/wp\/v2\/users\/3"}],"replies":[{"embeddable":true,"href":"https:\/\/www.fdc-group.net\/new\/wp-json\/wp\/v2\/comments?post=3283"}],"version-history":[{"count":10,"href":"https:\/\/www.fdc-group.net\/new\/wp-json\/wp\/v2\/pages\/3283\/revisions"}],"predecessor-version":[{"id":3641,"href":"https:\/\/www.fdc-group.net\/new\/wp-json\/wp\/v2\/pages\/3283\/revisions\/3641"}],"wp:attachment":[{"href":"https:\/\/www.fdc-group.net\/new\/wp-json\/wp\/v2\/media?parent=3283"}],"curies":[{"name":"wp","href":"https:\/\/api.w.org\/{rel}","templated":true}]}}