{"id":513,"date":"2010-11-30T13:12:59","date_gmt":"2010-11-30T13:12:59","guid":{"rendered":"http:\/\/draft.creear.com.ar\/"},"modified":"2024-03-12T03:48:39","modified_gmt":"2024-03-12T03:48:39","slug":"ingenieria-petroleo","status":"publish","type":"page","link":"https:\/\/www.fdc-group.net\/new\/ingenieria-petroleo\/","title":{"rendered":"Ingenier\u00eda"},"content":{"rendered":"\n<h1>\u00a0<\/h1>\n<h1 class=\"uppercase\" style=\"text-align: center;\"><span style=\"color: #32485c;\">Ingenier\u00eda y Consultor\u00eda<\/span><\/h1>\n<p>\u00a0<\/p>\n\t<div class=\"img has-hover x md-x lg-x y md-y lg-y\" id=\"image_846463965\">\n\t\t\t\t\t\t\t\t<div class=\"img-inner dark\" >\n\t\t\t<img loading=\"lazy\" decoding=\"async\" width=\"1020\" height=\"765\" src=\"https:\/\/www.fdc-group.net\/new\/wp-content\/uploads\/2021\/04\/ingenieria_usuario.jpg\" class=\"attachment-large size-large\" alt=\"\" srcset=\"https:\/\/www.fdc-group.net\/new\/wp-content\/uploads\/2021\/04\/ingenieria_usuario.jpg 1024w, https:\/\/www.fdc-group.net\/new\/wp-content\/uploads\/2021\/04\/ingenieria_usuario-300x225.jpg 300w, https:\/\/www.fdc-group.net\/new\/wp-content\/uploads\/2021\/04\/ingenieria_usuario-768x576.jpg 768w\" sizes=\"auto, (max-width: 1020px) 100vw, 1020px\" \/>\t\t\t\t\t\t\n\t\t\t\t\t<\/div>\n\t\t\t\t\t\t\t\t\n<style>\n#image_846463965 {\n  width: 100%;\n}\n<\/style>\n\t<\/div>\n\t\n\n\t<div id=\"gap-626037098\" class=\"gap-element clearfix\" style=\"display:block; height:auto;\">\n\t\t\n<style>\n#gap-626037098 {\n  padding-top: 60px;\n}\n<\/style>\n\t<\/div>\n\t\n\n<p style=\"text-align: center;\"><span style=\"font-size: 130%;\">Proveemos servicios de ingenier\u00eda en Upstream y Midstream a empresas operadoras<\/span><br \/><span style=\"font-size: 130%;\">de Oil &amp; Gas.<\/span><br \/><span style=\"font-size: 130%;\">Estudiamos e interpretamos la informaci\u00f3n para despejar la incertidumbre al<\/span><br \/><span style=\"font-size: 130%;\">momento de abordar la exploraci\u00f3n y producci\u00f3n de un campo. Analizamos las<\/span><br \/><span style=\"font-size: 130%;\">oportunidades econ\u00f3micas y los potenciales de rendimiento de yacimientos nuevos y<\/span><br \/><span style=\"font-size: 130%;\">maduros.<\/span><br \/><span style=\"font-size: 130%;\"><strong>Dise\u00f1amos la estrategia de explotaci\u00f3n adecuada para cada yacimiento<\/strong><\/span><br \/><span style=\"font-size: 130%;\"><strong>espec\u00edfico, en pos de optimizar la producci\u00f3n de gas y petr\u00f3leo.<\/strong><\/span><br \/><span style=\"font-size: 130%;\">Realizamos asesoramiento econ\u00f3mico sustentado en conocimiento t\u00e9cnico confiable y<\/span><br \/><span style=\"font-size: 130%;\">preciso, para la mejor toma de decisiones t\u00e9cnico-financieras de nuestros clientes.<\/span><\/p>\n\t<div id=\"gap-1259404424\" class=\"gap-element clearfix\" style=\"display:block; height:auto;\">\n\t\t\n<style>\n#gap-1259404424 {\n  padding-top: 60px;\n}\n<\/style>\n\t<\/div>\n\t\n\n\n\t<section class=\"section\" id=\"section_1498593594\">\n\t\t<div class=\"section-bg fill\" >\n\t\t\t<img loading=\"lazy\" decoding=\"async\" width=\"420\" height=\"132\" src=\"https:\/\/www.fdc-group.net\/new\/wp-content\/uploads\/2021\/03\/FondoTrazo.png\" class=\"bg attachment- size-\" alt=\"\" \/>\t\t\t\t\t\t\n\t\t\t\n\n\t\t<\/div>\n\n\t\t\n\n\t\t<div class=\"section-content relative\">\n\t\t\t\n\n<div class=\"row row-large align-middle\"  id=\"row-1154101997\">\n\n\n\t<div id=\"col-1506270504\" class=\"col medium-6 small-12 large-6\"  >\n\t\t\t\t<div class=\"col-inner text-left\"  >\n\t\t\t\n\t\t\t\n\n<div class=\"accordion\">\n\n\t<div id=\"accordion-3938853869\" class=\"accordion-item\">\n\t\t<a id=\"accordion-3938853869-label\" class=\"accordion-title plain\" href=\"#accordion-item-manejo-de-datos-e-informaci\u00d3n\" aria-expanded=\"false\" aria-controls=\"accordion-3938853869-content\">\n\t\t\t<button class=\"toggle\" aria-label=\"Toggle\"><i class=\"icon-angle-down\" aria-hidden=\"true\"><\/i><\/button>\n\t\t\t<span>MANEJO DE DATOS E INFORMACI\u00d3N<\/span>\n\t\t<\/a>\n\t\t<div id=\"accordion-3938853869-content\" class=\"accordion-inner\" aria-labelledby=\"accordion-3938853869-label\">\n\t\t\t\n\n<ul class=\"list-1\">\n<li class=\"bullet-checkmark\"><strong>Recopilaci\u00f3n de informaci\u00f3n, validaci\u00f3n y carga en base de datos.<\/strong><\/li>\n<li class=\"bullet-checkmark\"><strong>Armado de Proyectos para Estudios Integrales.<\/strong><\/li>\n<\/ul>\n\n\t\t<\/div>\n\t<\/div>\n\t\n\n<\/div>\n\n\t\t<\/div>\n\t\t\t\t\t<\/div>\n\n\t\n\n\t<div id=\"col-1245387914\" class=\"col medium-6 small-12 large-6\"  >\n\t\t\t\t<div class=\"col-inner\"  >\n\t\t\t\n\t\t\t\n\n\t<div class=\"img has-hover x md-x lg-x y md-y lg-y\" id=\"image_1505214562\">\n\t\t\t\t\t\t\t\t<div class=\"img-inner dark\" >\n\t\t\t<img loading=\"lazy\" decoding=\"async\" width=\"1020\" height=\"630\" src=\"https:\/\/www.fdc-group.net\/new\/wp-content\/uploads\/2021\/03\/Ing_laptop1-1024x632.png\" class=\"attachment-large size-large\" alt=\"\" srcset=\"https:\/\/www.fdc-group.net\/new\/wp-content\/uploads\/2021\/03\/Ing_laptop1-1024x632.png 1024w, https:\/\/www.fdc-group.net\/new\/wp-content\/uploads\/2021\/03\/Ing_laptop1-300x185.png 300w, https:\/\/www.fdc-group.net\/new\/wp-content\/uploads\/2021\/03\/Ing_laptop1-768x474.png 768w, https:\/\/www.fdc-group.net\/new\/wp-content\/uploads\/2021\/03\/Ing_laptop1-1536x948.png 1536w, https:\/\/www.fdc-group.net\/new\/wp-content\/uploads\/2021\/03\/Ing_laptop1-2048x1264.png 2048w\" sizes=\"auto, (max-width: 1020px) 100vw, 1020px\" \/>\t\t\t\t\t\t\n\t\t\t\t\t<\/div>\n\t\t\t\t\t\t\t\t\n<style>\n#image_1505214562 {\n  width: 100%;\n}\n<\/style>\n\t<\/div>\n\t\n\n\n\t\t<\/div>\n\t\t\t\t\t<\/div>\n\n\t\n\n<\/div>\n\n\t\t<\/div>\n\n\t\t\n<style>\n#section_1498593594 {\n  padding-top: 60px;\n  padding-bottom: 60px;\n}\n<\/style>\n\t<\/section>\n\t\n\n\t<section class=\"section\" id=\"section_323483080\">\n\t\t<div class=\"section-bg fill\" >\n\t\t\t\t\t\t\t\t\t\n\t\t\t\n\n\t\t<\/div>\n\n\t\t\n\n\t\t<div class=\"section-content relative\">\n\t\t\t\n\n<div class=\"row align-middle\"  id=\"row-1088408994\">\n\n\n\t<div id=\"col-31498733\" class=\"col medium-6 small-12 large-6\"  >\n\t\t\t\t<div class=\"col-inner\"  >\n\t\t\t\n\t\t\t\n\n\t<div class=\"img has-hover x md-x lg-x y md-y lg-y\" id=\"image_1166364258\">\n\t\t\t\t\t\t\t\t<div class=\"img-inner dark\" >\n\t\t\t<img loading=\"lazy\" decoding=\"async\" width=\"1020\" height=\"630\" src=\"https:\/\/www.fdc-group.net\/new\/wp-content\/uploads\/2021\/03\/Ing_laptop2-1024x632.png\" class=\"attachment-large size-large\" alt=\"\" srcset=\"https:\/\/www.fdc-group.net\/new\/wp-content\/uploads\/2021\/03\/Ing_laptop2-1024x632.png 1024w, https:\/\/www.fdc-group.net\/new\/wp-content\/uploads\/2021\/03\/Ing_laptop2-300x185.png 300w, https:\/\/www.fdc-group.net\/new\/wp-content\/uploads\/2021\/03\/Ing_laptop2-768x474.png 768w, https:\/\/www.fdc-group.net\/new\/wp-content\/uploads\/2021\/03\/Ing_laptop2-1536x948.png 1536w, https:\/\/www.fdc-group.net\/new\/wp-content\/uploads\/2021\/03\/Ing_laptop2-2048x1264.png 2048w\" sizes=\"auto, (max-width: 1020px) 100vw, 1020px\" \/>\t\t\t\t\t\t\n\t\t\t\t\t<\/div>\n\t\t\t\t\t\t\t\t\n<style>\n#image_1166364258 {\n  width: 100%;\n}\n<\/style>\n\t<\/div>\n\t\n\n\n\t\t<\/div>\n\t\t\t\t\t<\/div>\n\n\t\n\n\t<div id=\"col-942364976\" class=\"col medium-6 small-12 large-6\"  data-animate=\"bounceIn\">\n\t\t\t\t<div class=\"col-inner text-left\" style=\"background-color:rgb(255,255,255);\" >\n\t\t\t\n\t\t\t\n\n<div class=\"accordion\">\n\n\t<div id=\"accordion-1518083612\" class=\"accordion-item\">\n\t\t<a id=\"accordion-1518083612-label\" class=\"accordion-title plain\" href=\"#accordion-item-geolog\u00cda\" aria-expanded=\"false\" aria-controls=\"accordion-1518083612-content\">\n\t\t\t<button class=\"toggle\" aria-label=\"Toggle\"><i class=\"icon-angle-down\" aria-hidden=\"true\"><\/i><\/button>\n\t\t\t<span>GEOLOG\u00cdA<\/span>\n\t\t<\/a>\n\t\t<div id=\"accordion-1518083612-content\" class=\"accordion-inner\" aria-labelledby=\"accordion-1518083612-label\">\n\t\t\t\n\n<ul class=\"list-1\">\n<li class=\"bullet-checkmark\">Modelos Geol\u00f3gicos &amp; Geof\u00edsicos Integrados.<\/li>\n<li class=\"bullet-checkmark\">Evaluaciones petrof\u00edsicas.<\/li>\n<li class=\"bullet-checkmark\">Estudios Geoestad\u00edsticos.<\/li>\n<li class=\"bullet-checkmark\">Compartimentos y Unidades de Flujo.<\/li>\n<li class=\"bullet-checkmark\">Escalamiento.<\/li>\n<li class=\"bullet-checkmark\">Exportaci\u00f3n a Simuladores Num\u00e9ricos.<\/li>\n<\/ul>\n\n\t\t<\/div>\n\t<\/div>\n\t\n\n<\/div>\n\n\t\t<\/div>\n\t\t\t\t\t<\/div>\n\n\t\n\n<\/div>\n\n\t\t<\/div>\n\n\t\t\n<style>\n#section_323483080 {\n  padding-top: 60px;\n  padding-bottom: 60px;\n}\n<\/style>\n\t<\/section>\n\t\n\n\t<section class=\"section\" id=\"section_1036738680\">\n\t\t<div class=\"section-bg fill\" >\n\t\t\t<img loading=\"lazy\" decoding=\"async\" width=\"420\" height=\"132\" src=\"https:\/\/www.fdc-group.net\/new\/wp-content\/uploads\/2021\/03\/FondoTrazo.png\" class=\"bg attachment- size-\" alt=\"\" \/>\t\t\t\t\t\t\n\t\t\t\n\n\t\t<\/div>\n\n\t\t\n\n\t\t<div class=\"section-content relative\">\n\t\t\t\n\n<div class=\"row row-large align-middle\"  id=\"row-9736330\">\n\n\n\t<div id=\"col-124033570\" class=\"col medium-6 small-12 large-6\"  >\n\t\t\t\t<div class=\"col-inner text-left\"  >\n\t\t\t\n\t\t\t\n\n<div class=\"accordion\">\n\n\t<div id=\"accordion-3127295629\" class=\"accordion-item\">\n\t\t<a id=\"accordion-3127295629-label\" class=\"accordion-title plain\" href=\"#accordion-item-caracterizaci\u00d3n-din\u00c1mica-y-plan-de-desarrollo\" aria-expanded=\"false\" aria-controls=\"accordion-3127295629-content\">\n\t\t\t<button class=\"toggle\" aria-label=\"Toggle\"><i class=\"icon-angle-down\" aria-hidden=\"true\"><\/i><\/button>\n\t\t\t<span>CARACTERIZACI\u00d3N DIN\u00c1MICA Y PLAN DE DESARROLLO<\/span>\n\t\t<\/a>\n\t\t<div id=\"accordion-3127295629-content\" class=\"accordion-inner\" aria-labelledby=\"accordion-3127295629-label\">\n\t\t\t\n\n<ul class=\"list-1\">\n<li class=\"bullet-checkmark\">Construcci\u00f3n del modelo Din\u00e1mico de Reservorios.<\/li>\n<li class=\"bullet-checkmark\">Validaci\u00f3n, caracterizaci\u00f3n y ajuste de fluidos de reservorio (PVT).<\/li>\n<li class=\"bullet-checkmark\">Caracterizaci\u00f3n din\u00e1mica mediante pruebas de presi\u00f3n utilizando Saphir.<\/li>\n<li class=\"bullet-checkmark\">Integraci\u00f3n de la informaci\u00f3n de presi\u00f3n-producci\u00f3n utilizando Topaze.<\/li>\n<li class=\"bullet-checkmark\">Integraci\u00f3n en el simulador num\u00e9rico utilizando Rubis, Eclipse o IMEX.<\/li>\n<li class=\"bullet-checkmark\">Ajuste hist\u00f3rico. Dise\u00f1o del Plan de Desarrollo.<\/li>\n<li class=\"bullet-checkmark\">Recuperaci\u00f3n primaria, secundaria y terciaria.<\/li>\n<li class=\"bullet-checkmark\">Dise\u00f1o de proyectos pilotos.<\/li>\n<li class=\"bullet-checkmark\">Dise\u00f1o de Pozos Horizontales y Multilaterales.<\/li>\n<li class=\"bullet-checkmark\">Evaluaciones Econ\u00f3micas de las distintas alternativas.<\/li>\n<\/ul>\n\n\t\t<\/div>\n\t<\/div>\n\t\n\n<\/div>\n\n\t\t<\/div>\n\t\t\t\t\t<\/div>\n\n\t\n\n\t<div id=\"col-1993235207\" class=\"col medium-6 small-12 large-6\"  >\n\t\t\t\t<div class=\"col-inner\"  >\n\t\t\t\n\t\t\t\n\n\t<div class=\"img has-hover x md-x lg-x y md-y lg-y\" id=\"image_1320057867\">\n\t\t\t\t\t\t\t\t<div class=\"img-inner dark\" >\n\t\t\t<img loading=\"lazy\" decoding=\"async\" width=\"1020\" height=\"631\" src=\"https:\/\/www.fdc-group.net\/new\/wp-content\/uploads\/2021\/03\/Ing_laptop33-1024x633.png\" class=\"attachment-large size-large\" alt=\"\" srcset=\"https:\/\/www.fdc-group.net\/new\/wp-content\/uploads\/2021\/03\/Ing_laptop33-1024x633.png 1024w, https:\/\/www.fdc-group.net\/new\/wp-content\/uploads\/2021\/03\/Ing_laptop33-300x185.png 300w, https:\/\/www.fdc-group.net\/new\/wp-content\/uploads\/2021\/03\/Ing_laptop33-768x474.png 768w, https:\/\/www.fdc-group.net\/new\/wp-content\/uploads\/2021\/03\/Ing_laptop33-1536x949.png 1536w, https:\/\/www.fdc-group.net\/new\/wp-content\/uploads\/2021\/03\/Ing_laptop33-2048x1265.png 2048w\" sizes=\"auto, (max-width: 1020px) 100vw, 1020px\" \/>\t\t\t\t\t\t\n\t\t\t\t\t<\/div>\n\t\t\t\t\t\t\t\t\n<style>\n#image_1320057867 {\n  width: 100%;\n}\n<\/style>\n\t<\/div>\n\t\n\n\n\t\t<\/div>\n\t\t\t\t\t<\/div>\n\n\t\n\n<\/div>\n\n\t\t<\/div>\n\n\t\t\n<style>\n#section_1036738680 {\n  padding-top: 60px;\n  padding-bottom: 60px;\n}\n<\/style>\n\t<\/section>\n\t\n\n\t<section class=\"section\" id=\"section_984584706\">\n\t\t<div class=\"section-bg fill\" >\n\t\t\t\t\t\t\t\t\t\n\t\t\t\n\n\t\t<\/div>\n\n\t\t\n\n\t\t<div class=\"section-content relative\">\n\t\t\t\n\n<div class=\"row align-middle\"  id=\"row-341555401\">\n\n\n\t<div id=\"col-48483184\" class=\"col medium-6 small-12 large-6\"  >\n\t\t\t\t<div class=\"col-inner\"  >\n\t\t\t\n\t\t\t\n\n\t<div class=\"img has-hover x md-x lg-x y md-y lg-y\" id=\"image_1560762544\">\n\t\t\t\t\t\t\t\t<div class=\"img-inner dark\" >\n\t\t\t<img loading=\"lazy\" decoding=\"async\" width=\"1020\" height=\"629\" src=\"https:\/\/www.fdc-group.net\/new\/wp-content\/uploads\/2021\/03\/Ing_laptop4-1024x631.png\" class=\"attachment-large size-large\" alt=\"\" srcset=\"https:\/\/www.fdc-group.net\/new\/wp-content\/uploads\/2021\/03\/Ing_laptop4-1024x631.png 1024w, https:\/\/www.fdc-group.net\/new\/wp-content\/uploads\/2021\/03\/Ing_laptop4-300x185.png 300w, https:\/\/www.fdc-group.net\/new\/wp-content\/uploads\/2021\/03\/Ing_laptop4-768x473.png 768w, https:\/\/www.fdc-group.net\/new\/wp-content\/uploads\/2021\/03\/Ing_laptop4-1536x946.png 1536w, https:\/\/www.fdc-group.net\/new\/wp-content\/uploads\/2021\/03\/Ing_laptop4-2048x1261.png 2048w\" sizes=\"auto, (max-width: 1020px) 100vw, 1020px\" \/>\t\t\t\t\t\t\n\t\t\t\t\t<\/div>\n\t\t\t\t\t\t\t\t\n<style>\n#image_1560762544 {\n  width: 100%;\n}\n<\/style>\n\t<\/div>\n\t\n\n\n\t\t<\/div>\n\t\t\t\t\t<\/div>\n\n\t\n\n\t<div id=\"col-639381623\" class=\"col medium-6 small-12 large-6\"  data-animate=\"bounceIn\">\n\t\t\t\t<div class=\"col-inner text-left\" style=\"background-color:rgb(255,255,255);\" >\n\t\t\t\n\t\t\t\n\n<div class=\"accordion\">\n\n\t<div id=\"accordion-42268272\" class=\"accordion-item\">\n\t\t<a id=\"accordion-42268272-label\" class=\"accordion-title plain\" href=\"#accordion-item-gerenciamiento-del-reservorio-y-producci\u00d3n\" aria-expanded=\"false\" aria-controls=\"accordion-42268272-content\">\n\t\t\t<button class=\"toggle\" aria-label=\"Toggle\"><i class=\"icon-angle-down\" aria-hidden=\"true\"><\/i><\/button>\n\t\t\t<span>GERENCIAMIENTO DEL RESERVORIO Y PRODUCCI\u00d3N<\/span>\n\t\t<\/a>\n\t\t<div id=\"accordion-42268272-content\" class=\"accordion-inner\" aria-labelledby=\"accordion-42268272-label\">\n\t\t\t\n\n<ul class=\"list-1\">\n<li class=\"bullet-checkmark\">Ingenier\u00eda b\u00e1sica.<\/li>\n<li class=\"bullet-checkmark\">Caracterizaci\u00f3n de fluidos del reservorio.<\/li>\n<li class=\"bullet-checkmark\">Balance de Materia B\u00e1sico y Composicional.<\/li>\n<li class=\"bullet-checkmark\">An\u00e1lisis Nodal.<\/li>\n<li class=\"bullet-checkmark\">Hidr\u00e1ulica de pozo.<\/li>\n<li class=\"bullet-checkmark\">C\u00e1lculo de productividad en pozos horizontales.<\/li>\n<li class=\"bullet-checkmark\">Modelos Integrados (reservorio, pozo y redes de superficie) utilizando las herramientas de Petroleum Experts.<\/li>\n<li class=\"bullet-checkmark\">Planes de desarrollo para casos de petr\u00f3leos vol\u00e1tiles o condensaci\u00f3n retrograda.<\/li>\n<li class=\"bullet-checkmark\">Revisi\u00f3n y redise\u00f1o de sistemas de inyecci\u00f3n de agua.<\/li>\n<li class=\"bullet-checkmark\">Optimizaci\u00f3n de la recuperaci\u00f3n ultima.<\/li>\n<li class=\"bullet-checkmark\">Evaluaciones Econ\u00f3micas de las distintas alternativas.<\/li>\n<\/ul>\n\n\t\t<\/div>\n\t<\/div>\n\t\n\n<\/div>\n\n\t\t<\/div>\n\t\t\t\t\t<\/div>\n\n\t\n\n<\/div>\n\n\t\t<\/div>\n\n\t\t\n<style>\n#section_984584706 {\n  padding-top: 60px;\n  padding-bottom: 60px;\n}\n<\/style>\n\t<\/section>\n\t\n\n\t<section class=\"section\" id=\"section_155361667\">\n\t\t<div class=\"section-bg fill\" >\n\t\t\t<img loading=\"lazy\" decoding=\"async\" width=\"420\" height=\"132\" src=\"https:\/\/www.fdc-group.net\/new\/wp-content\/uploads\/2021\/03\/FondoTrazo.png\" class=\"bg attachment- size-\" alt=\"\" \/>\t\t\t\t\t\t\n\t\t\t\n\n\t\t<\/div>\n\n\t\t\n\n\t\t<div class=\"section-content relative\">\n\t\t\t\n\n<div class=\"row row-large align-middle\"  id=\"row-726218470\">\n\n\n\t<div id=\"col-850133011\" class=\"col medium-6 small-12 large-6\"  >\n\t\t\t\t<div class=\"col-inner text-left\"  >\n\t\t\t\n\t\t\t\n\n<div class=\"accordion\">\n\n\t<div id=\"accordion-522100631\" class=\"accordion-item\">\n\t\t<a id=\"accordion-522100631-label\" class=\"accordion-title plain\" href=\"#accordion-item-estudios-de-tight-gas-y-shale-gas\" aria-expanded=\"false\" aria-controls=\"accordion-522100631-content\">\n\t\t\t<button class=\"toggle\" aria-label=\"Toggle\"><i class=\"icon-angle-down\" aria-hidden=\"true\"><\/i><\/button>\n\t\t\t<span>ESTUDIOS DE TIGHT GAS Y SHALE GAS<\/span>\n\t\t<\/a>\n\t\t<div id=\"accordion-522100631-content\" class=\"accordion-inner\" aria-labelledby=\"accordion-522100631-label\">\n\t\t\t\n\n<ul class=\"list-1\">\n<li class=\"bullet-checkmark\">Evaluaciones Econ\u00f3micas de las distintas alternativas.<\/li>\n<li class=\"bullet-checkmark\">Contamos con las herramientas para el Modelaje y Caracterizaci\u00f3n de este tipo de Reservorios.<\/li>\n<li class=\"bullet-checkmark\">Dise\u00f1o de Pozos Verticales \/ Horizontales Fracturados.<\/li>\n<li class=\"bullet-checkmark\">Espaciamiento de pozos.<\/li>\n<li class=\"bullet-checkmark\">Pron\u00f3sticos de Producci\u00f3n.<\/li>\n<\/ul>\n\n\t\t<\/div>\n\t<\/div>\n\t\n\n<\/div>\n\n\t\t<\/div>\n\t\t\t\t\t<\/div>\n\n\t\n\n\t<div id=\"col-311196951\" class=\"col medium-6 small-12 large-6\"  >\n\t\t\t\t<div class=\"col-inner\"  >\n\t\t\t\n\t\t\t\n\n\t<div class=\"img has-hover x md-x lg-x y md-y lg-y\" id=\"image_1933995909\">\n\t\t\t\t\t\t\t\t<div class=\"img-inner dark\" >\n\t\t\t<img loading=\"lazy\" decoding=\"async\" width=\"1020\" height=\"630\" src=\"https:\/\/www.fdc-group.net\/new\/wp-content\/uploads\/2021\/03\/Ing_laptop5-1024x632.png\" class=\"attachment-large size-large\" alt=\"\" srcset=\"https:\/\/www.fdc-group.net\/new\/wp-content\/uploads\/2021\/03\/Ing_laptop5-1024x632.png 1024w, https:\/\/www.fdc-group.net\/new\/wp-content\/uploads\/2021\/03\/Ing_laptop5-300x185.png 300w, https:\/\/www.fdc-group.net\/new\/wp-content\/uploads\/2021\/03\/Ing_laptop5-768x474.png 768w, https:\/\/www.fdc-group.net\/new\/wp-content\/uploads\/2021\/03\/Ing_laptop5-1536x948.png 1536w, https:\/\/www.fdc-group.net\/new\/wp-content\/uploads\/2021\/03\/Ing_laptop5-2048x1264.png 2048w\" sizes=\"auto, (max-width: 1020px) 100vw, 1020px\" \/>\t\t\t\t\t\t\n\t\t\t\t\t<\/div>\n\t\t\t\t\t\t\t\t\n<style>\n#image_1933995909 {\n  width: 100%;\n}\n<\/style>\n\t<\/div>\n\t\n\n\n\t\t<\/div>\n\t\t\t\t\t<\/div>\n\n\t\n\n<\/div>\n\n\t\t<\/div>\n\n\t\t\n<style>\n#section_155361667 {\n  padding-top: 60px;\n  padding-bottom: 60px;\n}\n<\/style>\n\t<\/section>\n\t\n\n\t<section class=\"section\" id=\"section_494301987\">\n\t\t<div class=\"section-bg fill\" >\n\t\t\t\t\t\t\t\t\t\n\t\t\t\n\n\t\t<\/div>\n\n\t\t\n\n\t\t<div class=\"section-content relative\">\n\t\t\t\n\n<div class=\"row align-middle\"  id=\"row-1564429016\">\n\n\n\t<div id=\"col-390893003\" class=\"col medium-6 small-12 large-6\"  >\n\t\t\t\t<div class=\"col-inner\"  >\n\t\t\t\n\t\t\t\n\n\t<div class=\"img has-hover x md-x lg-x y md-y lg-y\" id=\"image_155940030\">\n\t\t\t\t\t\t\t\t<div class=\"img-inner dark\" >\n\t\t\t<img loading=\"lazy\" decoding=\"async\" width=\"1020\" height=\"631\" src=\"https:\/\/www.fdc-group.net\/new\/wp-content\/uploads\/2021\/03\/Ing_laptop6-1024x633.png\" class=\"attachment-large size-large\" alt=\"\" srcset=\"https:\/\/www.fdc-group.net\/new\/wp-content\/uploads\/2021\/03\/Ing_laptop6-1024x633.png 1024w, https:\/\/www.fdc-group.net\/new\/wp-content\/uploads\/2021\/03\/Ing_laptop6-300x185.png 300w, https:\/\/www.fdc-group.net\/new\/wp-content\/uploads\/2021\/03\/Ing_laptop6-768x474.png 768w, https:\/\/www.fdc-group.net\/new\/wp-content\/uploads\/2021\/03\/Ing_laptop6-1536x949.png 1536w, https:\/\/www.fdc-group.net\/new\/wp-content\/uploads\/2021\/03\/Ing_laptop6-2048x1265.png 2048w\" sizes=\"auto, (max-width: 1020px) 100vw, 1020px\" \/>\t\t\t\t\t\t\n\t\t\t\t\t<\/div>\n\t\t\t\t\t\t\t\t\n<style>\n#image_155940030 {\n  width: 100%;\n}\n<\/style>\n\t<\/div>\n\t\n\n\n\t\t<\/div>\n\t\t\t\t\t<\/div>\n\n\t\n\n\t<div id=\"col-1184515458\" class=\"col medium-6 small-12 large-6\"  data-animate=\"bounceIn\">\n\t\t\t\t<div class=\"col-inner text-left\" style=\"background-color:rgb(255,255,255);\" >\n\t\t\t\n\t\t\t\n\n<div class=\"accordion\">\n\n\t<div id=\"accordion-1349262722\" class=\"accordion-item\">\n\t\t<a id=\"accordion-1349262722-label\" class=\"accordion-title plain\" href=\"#accordion-item-c\u00c1lculo-de-reservas-y-an\u00c1lisis-de-riesgo\" aria-expanded=\"false\" aria-controls=\"accordion-1349262722-content\">\n\t\t\t<button class=\"toggle\" aria-label=\"Toggle\"><i class=\"icon-angle-down\" aria-hidden=\"true\"><\/i><\/button>\n\t\t\t<span>C\u00c1LCULO DE RESERVAS Y AN\u00c1LISIS DE RIESGO<\/span>\n\t\t<\/a>\n\t\t<div id=\"accordion-1349262722-content\" class=\"accordion-inner\" aria-labelledby=\"accordion-1349262722-label\">\n\t\t\t\n\n<ul class=\"list-1\">\n<li class=\"bullet-checkmark\">C\u00e1lculo de reservas y recursos de acuerdo a normas internacionales.<\/li>\n<li class=\"bullet-checkmark\">Preparaci\u00f3n de la informaci\u00f3n y evaluaci\u00f3n de reservas para certificaciones seg\u00fan SEC y WPC-SPEE.<\/li>\n<li class=\"bullet-checkmark\">Certificaci\u00f3n de reservas para la Secretar\u00eda de Energ\u00eda de la Republica Argentina.<\/li>\n<li class=\"bullet-checkmark\">Certificaci\u00f3n de reservas seg\u00fan las normas Canadienses.<\/li>\n<li class=\"bullet-checkmark\">Certificaciones para empresas Canadienses que operan en la Republica Argentina.<\/li>\n<\/ul>\n\n\t\t<\/div>\n\t<\/div>\n\t\n\n<\/div>\n\n\t\t<\/div>\n\t\t\t\t\t<\/div>\n\n\t\n\n<\/div>\n\n\t\t<\/div>\n\n\t\t\n<style>\n#section_494301987 {\n  padding-top: 60px;\n  padding-bottom: 60px;\n}\n<\/style>\n\t<\/section>\n\t\n\n\t<section class=\"section\" id=\"section_740243773\">\n\t\t<div class=\"section-bg fill\" >\n\t\t\t<img loading=\"lazy\" decoding=\"async\" width=\"420\" height=\"132\" src=\"https:\/\/www.fdc-group.net\/new\/wp-content\/uploads\/2021\/03\/FondoTrazo.png\" class=\"bg attachment- size-\" alt=\"\" \/>\t\t\t\t\t\t\n\t\t\t\n\n\t\t<\/div>\n\n\t\t\n\n\t\t<div class=\"section-content relative\">\n\t\t\t\n\n<div class=\"row row-large align-middle\"  id=\"row-806466935\">\n\n\n\t<div id=\"col-1941989027\" class=\"col medium-6 small-12 large-6\"  >\n\t\t\t\t<div class=\"col-inner text-left\"  >\n\t\t\t\n\t\t\t\n\n<div class=\"accordion\">\n\n\t<div id=\"accordion-1003277871\" class=\"accordion-item\">\n\t\t<a id=\"accordion-1003277871-label\" class=\"accordion-title plain\" href=\"#accordion-item-exploraci\u00d3n-multidisciplinaria\" aria-expanded=\"false\" aria-controls=\"accordion-1003277871-content\">\n\t\t\t<button class=\"toggle\" aria-label=\"Toggle\"><i class=\"icon-angle-down\" aria-hidden=\"true\"><\/i><\/button>\n\t\t\t<span>EXPLORACI\u00d3N MULTIDISCIPLINARIA<\/span>\n\t\t<\/a>\n\t\t<div id=\"accordion-1003277871-content\" class=\"accordion-inner\" aria-labelledby=\"accordion-1003277871-label\">\n\t\t\t\n\n<ul class=\"list-1\">\n<li class=\"bullet-checkmark\">\u00a0An\u00e1lisis integrado de geolog\u00eda, geof\u00edsica e ingenier\u00eda para evaluar completamente las variables t\u00e9cnico-econ\u00f3micas de prospectos y su categorizaci\u00f3n.<\/li>\n<li class=\"bullet-checkmark\">Aproximaci\u00f3n multidisciplinaria que garantiza el an\u00e1lisis eficiente de las ideas exploratorias convencionales y especialmente las no-convencionales.<\/li>\n<\/ul>\n\n\t\t<\/div>\n\t<\/div>\n\t\n\n<\/div>\n\n\t\t<\/div>\n\t\t\t\t\t<\/div>\n\n\t\n\n\t<div id=\"col-1276995191\" class=\"col medium-6 small-12 large-6\"  >\n\t\t\t\t<div class=\"col-inner\"  >\n\t\t\t\n\t\t\t\n\n\t<div class=\"img has-hover x md-x lg-x y md-y lg-y\" id=\"image_1162842516\">\n\t\t\t\t\t\t\t\t<div class=\"img-inner dark\" >\n\t\t\t<img loading=\"lazy\" decoding=\"async\" width=\"1020\" height=\"630\" src=\"https:\/\/www.fdc-group.net\/new\/wp-content\/uploads\/2021\/03\/Ing_laptop7-1024x632.png\" class=\"attachment-large size-large\" alt=\"\" srcset=\"https:\/\/www.fdc-group.net\/new\/wp-content\/uploads\/2021\/03\/Ing_laptop7-1024x632.png 1024w, https:\/\/www.fdc-group.net\/new\/wp-content\/uploads\/2021\/03\/Ing_laptop7-300x185.png 300w, https:\/\/www.fdc-group.net\/new\/wp-content\/uploads\/2021\/03\/Ing_laptop7-768x474.png 768w, https:\/\/www.fdc-group.net\/new\/wp-content\/uploads\/2021\/03\/Ing_laptop7-1536x949.png 1536w, https:\/\/www.fdc-group.net\/new\/wp-content\/uploads\/2021\/03\/Ing_laptop7-2048x1265.png 2048w\" sizes=\"auto, (max-width: 1020px) 100vw, 1020px\" \/>\t\t\t\t\t\t\n\t\t\t\t\t<\/div>\n\t\t\t\t\t\t\t\t\n<style>\n#image_1162842516 {\n  width: 100%;\n}\n<\/style>\n\t<\/div>\n\t\n\n\n\t\t<\/div>\n\t\t\t\t\t<\/div>\n\n\t\n\n<\/div>\n\n\t\t<\/div>\n\n\t\t\n<style>\n#section_740243773 {\n  padding-top: 60px;\n  padding-bottom: 60px;\n}\n<\/style>\n\t<\/section>\n\t\n<div class=\"text-center\"><div class=\"is-divider divider clearfix\" style=\"margin-top:0.5em;margin-bottom:0.5em;max-width:800px;background-color:rgb(20, 19, 19);\"><\/div><\/div>\n\n<div class=\"text-center\"><div class=\"is-divider divider clearfix\" style=\"margin-top:2.0em;margin-bottom:2.0em;max-width:600px;background-color:rgb(20, 19, 19);\"><\/div><\/div>\n\n\n","protected":false},"excerpt":{"rendered":"<p>\u00a0 Ingenier\u00eda y Consultor\u00eda \u00a0 Proveemos servicios de ingenier\u00eda en Upstream y Midstream a empresas operadorasde Oil &amp; Gas.Estudiamos e interpretamos la informaci\u00f3n para despejar la incertidumbre almomento de abordar la exploraci\u00f3n y producci\u00f3n de un campo. Analizamos lasoportunidades econ\u00f3micas y los potenciales de rendimiento de yacimientos nuevos ymaduros.Dise\u00f1amos la estrategia de explotaci\u00f3n adecuada para [&#8230;]\n","protected":false},"author":1,"featured_media":0,"parent":0,"menu_order":0,"comment_status":"closed","ping_status":"closed","template":"page-blank.php","meta":{"footnotes":""},"class_list":["post-513","page","type-page","status-publish","hentry"],"_links":{"self":[{"href":"https:\/\/www.fdc-group.net\/new\/wp-json\/wp\/v2\/pages\/513","targetHints":{"allow":["GET"]}}],"collection":[{"href":"https:\/\/www.fdc-group.net\/new\/wp-json\/wp\/v2\/pages"}],"about":[{"href":"https:\/\/www.fdc-group.net\/new\/wp-json\/wp\/v2\/types\/page"}],"author":[{"embeddable":true,"href":"https:\/\/www.fdc-group.net\/new\/wp-json\/wp\/v2\/users\/1"}],"replies":[{"embeddable":true,"href":"https:\/\/www.fdc-group.net\/new\/wp-json\/wp\/v2\/comments?post=513"}],"version-history":[{"count":10,"href":"https:\/\/www.fdc-group.net\/new\/wp-json\/wp\/v2\/pages\/513\/revisions"}],"predecessor-version":[{"id":3576,"href":"https:\/\/www.fdc-group.net\/new\/wp-json\/wp\/v2\/pages\/513\/revisions\/3576"}],"wp:attachment":[{"href":"https:\/\/www.fdc-group.net\/new\/wp-json\/wp\/v2\/media?parent=513"}],"curies":[{"name":"wp","href":"https:\/\/api.w.org\/{rel}","templated":true}]}}